{"id":103,"date":"2020-06-30T13:47:03","date_gmt":"2020-06-30T13:47:03","guid":{"rendered":"https:\/\/ofei.esepf.pt\/?page_id=103"},"modified":"2022-06-13T16:39:14","modified_gmt":"2022-06-13T16:39:14","slug":"missao","status":"publish","type":"page","link":"https:\/\/ofei.esepf.pt\/?page_id=103","title":{"rendered":"Miss\u00e3o"},"content":{"rendered":"\n<h3>Miss\u00e3o<\/h3>\n\n\n\n<p>O Observat\u00f3rio, sediado na Escola Superior de Educa\u00e7\u00e3o de Paula&nbsp;Frassinetti, constitui-se como espa\u00e7o de reflex\u00e3o e investiga\u00e7\u00e3o sobre os desafios que se colocam \u00e0 Educa\u00e7\u00e3o de Inf\u00e2ncia.&nbsp;<\/p>\n\n\n\n<p>Surge da necessidade de constru\u00e7\u00e3o de abordagens pluridisciplinares e&nbsp;perspetivas&nbsp;hol\u00edsticas de compreens\u00e3o da interven\u00e7\u00e3o educativa que fa\u00e7am emergir referenciais diferenciadores para a forma\u00e7\u00e3o de Educadores, reconfigura\u00e7\u00e3o da participa\u00e7\u00e3o&nbsp;ativa&nbsp;das comunidades educativas e novos modelos de institui\u00e7\u00f5es de cariz sociopedag\u00f3gico.&nbsp;<\/p>\n\n\n\n<p>Assume-se a responsabilidade de contribuir para um entendimento\u00a0atual\u00a0e renovado dos processos educativos, ao n\u00edvel da Inf\u00e2ncia, alicer\u00e7ado numa cont\u00ednua pesquisa investigativa que permita n\u00e3o s\u00f3 compreender a(s) realidade(s) mas, tamb\u00e9m, divulgar, difundir e promover a inevitabilidade de mudan\u00e7a.\u00a0<\/p>\n\n\n\n<p><a rel=\"noreferrer noopener\" href=\"https:\/\/ofei.esepf.pt\/wp-content\/uploads\/2022\/06\/Plano-de-atividades-2022_23_PT.pdf\" target=\"_blank\">Plano de atividades do OFEI 2022-2023 <\/a><\/p>\n\n\n\n<div class=\"wp-block-image\"><figure class=\"aligncenter size-large is-resized\"><img decoding=\"async\" loading=\"lazy\" src=\"https:\/\/ofei.esepf.pt\/wp-content\/uploads\/2020\/06\/logoIcon.jpg\" alt=\"\" class=\"wp-image-12\" width=\"292\" height=\"292\" srcset=\"https:\/\/ofei.esepf.pt\/wp-content\/uploads\/2020\/06\/logoIcon.jpg 512w, https:\/\/ofei.esepf.pt\/wp-content\/uploads\/2020\/06\/logoIcon-300x300.jpg 300w, https:\/\/ofei.esepf.pt\/wp-content\/uploads\/2020\/06\/logoIcon-150x150.jpg 150w\" sizes=\"(max-width: 292px) 100vw, 292px\" \/><\/figure><\/div>\n","protected":false},"excerpt":{"rendered":"<p>Miss\u00e3o O Observat\u00f3rio, sediado na Escola Superior de Educa\u00e7\u00e3o de Paula&nbsp;Frassinetti, constitui-se como espa\u00e7o de reflex\u00e3o e investiga\u00e7\u00e3o sobre os desafios que se colocam \u00e0 Educa\u00e7\u00e3o de Inf\u00e2ncia.&nbsp; Surge da necessidade de constru\u00e7\u00e3o de abordagens pluridisciplinares e&nbsp;perspetivas&nbsp;hol\u00edsticas de compreens\u00e3o da interven\u00e7\u00e3o educativa que fa\u00e7am emergir referenciais diferenciadores para a forma\u00e7\u00e3o de Educadores, reconfigura\u00e7\u00e3o da participa\u00e7\u00e3o&nbsp;ativa&nbsp;das [&hellip;]<\/p>\n","protected":false},"author":1,"featured_media":0,"parent":0,"menu_order":0,"comment_status":"closed","ping_status":"closed","template":"","meta":{"_uag_custom_page_level_css":"","ghostkit_customizer_options":"","ghostkit_custom_css":"","ghostkit_custom_js_head":"","ghostkit_custom_js_foot":"","ghostkit_typography":"","cybocfi_hide_featured_image":""},"uagb_featured_image_src":{"full":false,"thumbnail":false,"medium":false,"medium_large":false,"large":false,"thumblist":false,"meccarouselthumb":false,"gridsquare":false,"tileview":false,"1536x1536":false,"2048x2048":false},"uagb_author_info":{"display_name":"SGRI","author_link":"https:\/\/ofei.esepf.pt\/?author=1"},"uagb_comment_info":0,"uagb_excerpt":"Miss\u00e3o O Observat\u00f3rio, sediado na Escola Superior de Educa\u00e7\u00e3o de Paula&nbsp;Frassinetti, constitui-se como espa\u00e7o de reflex\u00e3o e investiga\u00e7\u00e3o sobre os desafios que se colocam \u00e0 Educa\u00e7\u00e3o de Inf\u00e2ncia.&nbsp; Surge da necessidade de constru\u00e7\u00e3o de abordagens pluridisciplinares e&nbsp;perspetivas&nbsp;hol\u00edsticas de compreens\u00e3o da interven\u00e7\u00e3o educativa que fa\u00e7am emergir referenciais diferenciadores para a forma\u00e7\u00e3o de Educadores, reconfigura\u00e7\u00e3o da participa\u00e7\u00e3o&nbsp;ativa&nbsp;das&hellip;","_links":{"self":[{"href":"https:\/\/ofei.esepf.pt\/index.php?rest_route=\/wp\/v2\/pages\/103"}],"collection":[{"href":"https:\/\/ofei.esepf.pt\/index.php?rest_route=\/wp\/v2\/pages"}],"about":[{"href":"https:\/\/ofei.esepf.pt\/index.php?rest_route=\/wp\/v2\/types\/page"}],"author":[{"embeddable":true,"href":"https:\/\/ofei.esepf.pt\/index.php?rest_route=\/wp\/v2\/users\/1"}],"replies":[{"embeddable":true,"href":"https:\/\/ofei.esepf.pt\/index.php?rest_route=%2Fwp%2Fv2%2Fcomments&post=103"}],"version-history":[{"count":5,"href":"https:\/\/ofei.esepf.pt\/index.php?rest_route=\/wp\/v2\/pages\/103\/revisions"}],"predecessor-version":[{"id":2488,"href":"https:\/\/ofei.esepf.pt\/index.php?rest_route=\/wp\/v2\/pages\/103\/revisions\/2488"}],"wp:attachment":[{"href":"https:\/\/ofei.esepf.pt\/index.php?rest_route=%2Fwp%2Fv2%2Fmedia&parent=103"}],"curies":[{"name":"wp","href":"https:\/\/api.w.org\/{rel}","templated":true}]}}