{"id":105,"date":"2020-06-30T13:47:40","date_gmt":"2020-06-30T13:47:40","guid":{"rendered":"https:\/\/ofei.esepf.pt\/?page_id=105"},"modified":"2020-11-17T11:31:30","modified_gmt":"2020-11-17T11:31:30","slug":"conselho-cientifico","status":"publish","type":"page","link":"https:\/\/ofei.esepf.pt\/?page_id=105","title":{"rendered":"Conselho Cient\u00edfico"},"content":{"rendered":"\n<h3>Conselho Cient\u00edfico<\/h3>\n\n\n\n<p>O foco deste conselho ser\u00e1 contribuir para a sustentabilidade cient\u00edfica dos&nbsp;objetivos&nbsp;e iniciativas do OFEI, salvaguardando a inclus\u00e3o das diferentes&nbsp;perspetivas&nbsp;que convergem para o sucesso e desenvolvimento da Educa\u00e7\u00e3o de Inf\u00e2ncia. Dever\u00e1 promover&nbsp;perspetivas&nbsp;investigativas, influenciando as principais decis\u00f5es que constituem, em cada ano, a defini\u00e7\u00e3o da agenda iniciativas.&nbsp;<\/p>\n\n\n\n<p>\u00c9 constitu\u00eddo por individualidades de reconhecido percurso acad\u00e9mico e cient\u00edfico.&nbsp;<\/p>\n\n\n\n<h4>Membros:&nbsp;<\/h4>\n\n\n\n<p><strong>Jes\u00fas Rodr\u00edguez Rodr\u00edguez&nbsp;<\/strong><br><a rel=\"noreferrer noopener\" href=\"https:\/\/www.usc.gal\/en\" target=\"_blank\">Universidade de Santiago de Compostela&nbsp;<\/a><\/p>\n\n\n\n<p><strong>Maria de Jes\u00fas Vit\u00f3n de Antonio<\/strong><br><a href=\"https:\/\/www.uam.es\/Profesorado\/Home.htm\" target=\"_blank\" rel=\"noreferrer noopener\">Facultad de F. Profesorado y Educaci\u00f3n da Universidad Aut\u00f3noma de Madrid<\/a><br><a href=\"https:\/\/www.uam.es\/UAM\/Grupos-de-investigaci\u00f3n\/Ficha\/1446755836600.htm?idGrupo=77&amp;language=es&amp;nombreGrupo=Salud,%20inclusiones,%20equidad%20y%20pedagog%C3%ADa&amp;site=UniversidadAutonomaMadrid\" target=\"_blank\" rel=\"noreferrer noopener\">Grupo investigaci\u00f3n SieP- Salud, inclusiones, equidad y Pedagog\u00eda<\/a><\/p>\n\n\n\n<p><strong>Maria\u00a0Montserrat Castro Rodrigues<\/strong><br><a rel=\"noreferrer noopener\" href=\"https:\/\/www.udc.es\/en\/\" target=\"_blank\">Universidade da\u00a0Coru\u00f1a<\/a><\/p>\n\n\n\n<p><strong><strong>Manuela Ferreira<\/strong><\/strong><br><a href=\"https:\/\/sigarra.up.pt\/fpceup\/en\/web_page.inicial\" target=\"_blank\" rel=\"noreferrer noopener\">Faculdade de Psicologia e Ci\u00eancias da Educa\u00e7\u00e3o da Universidade do Porto<\/a><br><a href=\"https:\/\/www.fpce.up.pt\/ciie\/\" target=\"_blank\" rel=\"noreferrer noopener\">Membro Integrado do Centro de Investiga\u00e7\u00e3o e Interven\u00e7\u00e3o Educativa (CIIE\/FPCE)<\/a><\/p>\n\n\n\n<p><strong>M\u00e1rio Azevedo<\/strong><br><a rel=\"noreferrer noopener\" href=\"https:\/\/www.esmae.ipp.pt\" target=\"_blank\">ESMAE\/Instituto Polit\u00e9cnico do Porto<\/a><br><a rel=\"noreferrer noopener\" href=\"https:\/\/i2ads.up.pt\/en\/\" target=\"_blank\">I2ADS &#8211; Instituto\u00a0em Artes, Design e Sociedade FBAUP &#8211; UP<\/a><\/p>\n\n\n\n<p><strong><strong>Ana Am\u00e9lia Carvalho<\/strong><\/strong><br><a rel=\"noreferrer noopener\" href=\"https:\/\/www.uc.pt\/fpce\" target=\"_blank\">Faculdade de Psicologia e Ci\u00eancias da Educa\u00e7\u00e3o da Universidade de Coimbra<\/a><\/p>\n\n\n\n<p><strong><strong><strong>Gabriela Trevisan<\/strong><\/strong><\/strong><br><a rel=\"noreferrer noopener\" href=\"http:\/\/prochildcolab.pt\/en\/home\/\" target=\"_blank\">Prochild Colab &#8211; Against Child Poverty and Social Exclusion<\/a><\/p>\n\n\n\n<p><strong>Rosa Madeira\u00a0<\/strong><br><a rel=\"noreferrer noopener\" href=\"https:\/\/www.ua.pt\/pt\/dep\/\" target=\"_blank\">Departamento de Educa\u00e7\u00e3o e Psicologia da Universidade de Aveiro<\/a><\/p>\n\n\n\n<p><strong>Marilena C. F. de Jesus\u00a0<\/strong><br><a rel=\"noreferrer noopener\" href=\"http:\/\/www.projetoaraca.org.br\" target=\"_blank\">Centro Cultural Ara\u00e7\u00e1-S\u00e3o Mateus-ES<\/a><br><a href=\"https:\/\/www.labeaufes.com\" target=\"_blank\" rel=\"noreferrer noopener\">LabEA (Laborat\u00f3rio de Educa\u00e7\u00e3o Ambiental do Ceunes-Ufes (Centro Universit\u00e1rio Norte do Estado do Esp\u00edrito Santo, S\u00e3o Mateus &#8211; ES-Universidade Federal do Esp\u00edrito Santo)<\/a><\/p>\n\n\n\n<p><\/p>\n","protected":false},"excerpt":{"rendered":"<p>Conselho Cient\u00edfico O foco deste conselho ser\u00e1 contribuir para a sustentabilidade cient\u00edfica dos&nbsp;objetivos&nbsp;e iniciativas do OFEI, salvaguardando a inclus\u00e3o das diferentes&nbsp;perspetivas&nbsp;que convergem para o sucesso e desenvolvimento da Educa\u00e7\u00e3o de Inf\u00e2ncia. Dever\u00e1 promover&nbsp;perspetivas&nbsp;investigativas, influenciando as principais decis\u00f5es que constituem, em cada ano, a defini\u00e7\u00e3o da agenda iniciativas.&nbsp; \u00c9 constitu\u00eddo por individualidades de reconhecido percurso acad\u00e9mico [&hellip;]<\/p>\n","protected":false},"author":1,"featured_media":0,"parent":0,"menu_order":0,"comment_status":"closed","ping_status":"closed","template":"","meta":{"_uag_custom_page_level_css":"","ghostkit_customizer_options":"","ghostkit_custom_css":"","ghostkit_custom_js_head":"","ghostkit_custom_js_foot":"","ghostkit_typography":"","cybocfi_hide_featured_image":""},"uagb_featured_image_src":{"full":false,"thumbnail":false,"medium":false,"medium_large":false,"large":false,"thumblist":false,"meccarouselthumb":false,"gridsquare":false,"tileview":false,"1536x1536":false,"2048x2048":false},"uagb_author_info":{"display_name":"SGRI","author_link":"https:\/\/ofei.esepf.pt\/?author=1"},"uagb_comment_info":0,"uagb_excerpt":"Conselho Cient\u00edfico O foco deste conselho ser\u00e1 contribuir para a sustentabilidade cient\u00edfica dos&nbsp;objetivos&nbsp;e iniciativas do OFEI, salvaguardando a inclus\u00e3o das diferentes&nbsp;perspetivas&nbsp;que convergem para o sucesso e desenvolvimento da Educa\u00e7\u00e3o de Inf\u00e2ncia. Dever\u00e1 promover&nbsp;perspetivas&nbsp;investigativas, influenciando as principais decis\u00f5es que constituem, em cada ano, a defini\u00e7\u00e3o da agenda iniciativas.&nbsp; \u00c9 constitu\u00eddo por individualidades de reconhecido percurso acad\u00e9mico&hellip;","_links":{"self":[{"href":"https:\/\/ofei.esepf.pt\/index.php?rest_route=\/wp\/v2\/pages\/105"}],"collection":[{"href":"https:\/\/ofei.esepf.pt\/index.php?rest_route=\/wp\/v2\/pages"}],"about":[{"href":"https:\/\/ofei.esepf.pt\/index.php?rest_route=\/wp\/v2\/types\/page"}],"author":[{"embeddable":true,"href":"https:\/\/ofei.esepf.pt\/index.php?rest_route=\/wp\/v2\/users\/1"}],"replies":[{"embeddable":true,"href":"https:\/\/ofei.esepf.pt\/index.php?rest_route=%2Fwp%2Fv2%2Fcomments&post=105"}],"version-history":[{"count":10,"href":"https:\/\/ofei.esepf.pt\/index.php?rest_route=\/wp\/v2\/pages\/105\/revisions"}],"predecessor-version":[{"id":450,"href":"https:\/\/ofei.esepf.pt\/index.php?rest_route=\/wp\/v2\/pages\/105\/revisions\/450"}],"wp:attachment":[{"href":"https:\/\/ofei.esepf.pt\/index.php?rest_route=%2Fwp%2Fv2%2Fmedia&parent=105"}],"curies":[{"name":"wp","href":"https:\/\/api.w.org\/{rel}","templated":true}]}}