{"id":107,"date":"2020-06-30T13:48:08","date_gmt":"2020-06-30T13:48:08","guid":{"rendered":"https:\/\/ofei.esepf.pt\/?page_id=107"},"modified":"2020-11-17T11:14:04","modified_gmt":"2020-11-17T11:14:04","slug":"conselho-consultivo","status":"publish","type":"page","link":"https:\/\/ofei.esepf.pt\/?page_id=107","title":{"rendered":"Conselho Consultivo"},"content":{"rendered":"\n<h3>Conselho Consultivo<\/h3>\n\n\n\n<p>O foco deste conselho ser\u00e1 a elabora\u00e7\u00e3o de recomenda\u00e7\u00f5es sobre a pertin\u00eancia das iniciativas desenvolvidas no \u00e2mbito do OFEI, em alinhamento com os pressupostos nacional e internacionalmente identificados para mobilizar uma Educa\u00e7\u00e3o de Qualidade.&nbsp;<\/p>\n\n\n\n<p>\u00c9 constitu\u00eddo por individualidades de reconhecido percurso acad\u00e9mico, investigativo, pedag\u00f3gico ou de interven\u00e7\u00e3o social.&nbsp;<\/p>\n\n\n\n<h4>Membros:&nbsp;<\/h4>\n\n\n\n<p><strong>Roberto Carneiro<\/strong><br><a rel=\"noreferrer noopener\" href=\"https:\/\/www.ucp.pt\/pt-pt\" target=\"_blank\">Universidade Cat\u00f3lica\u00a0Portuguesa<\/a> (<em>Prof. e Investigador Jubilado<\/em>)<br><a rel=\"noreferrer noopener\" href=\"https:\/\/fch.lisboa.ucp.pt\/pt-pt\/faculty-knowledge\/research-centres\/cepcep-centro-de-estudos-dos-povos-e-culturas-de-expressao-portuguesa\" target=\"_blank\">Centro de\u00a0Estudos dos Povos e Culturas de\u00a0Express\u00e3o Portuguesa da UCP\u00a0(CEPCEP-UCP)<\/a> (<em>Presidente Em\u00e9rito<\/em>)<br><a rel=\"noreferrer noopener\" href=\"https:\/\/www.epmacau.edu.mo\" target=\"_blank\">Funda\u00e7\u00e3o\u00a0Escola Portuguesa de Macau<\/a><\/p>\n\n\n\n<p><strong>Paulo Dias<\/strong><br><a rel=\"noreferrer noopener\" href=\"https:\/\/portal.uab.pt\/\" target=\"_blank\">Universidade Aberta<\/a><\/p>\n\n\n\n<p><strong>Catarina Tom\u00e1s<\/strong><br><a rel=\"noreferrer noopener\" href=\"https:\/\/www.eselx.ipl.pt\/\" target=\"_blank\">Escola Superior de Educa\u00e7\u00e3o do Instituto Polit\u00e9cnico de Lisboa<\/a><br><a rel=\"noreferrer noopener\" href=\"https:\/\/www.cics.nova.fcsh.unl.pt\/\" target=\"_blank\">CICS.NOVA<\/a><\/p>\n\n\n\n<p><strong>Tom\u00e1s Carneiro<\/strong><br><a rel=\"noreferrer noopener\" href=\"https:\/\/clubefilosoficodoporto.wordpress.com\" target=\"_blank\">Clube Filos\u00f3fico do Porto&nbsp;<\/a><\/p>\n\n\n\n<p><strong>Jo\u00e3o Miguel Teixeira Lopes<\/strong><br><a rel=\"noreferrer noopener\" href=\"https:\/\/sigarra.up.pt\/flup\/pt\/uni_geral.unidade_view?pv_unidade=44\" target=\"_blank\">Departamento de Sociologia da FLUP<\/a><br><a rel=\"noreferrer noopener\" href=\"https:\/\/isociologia.up.pt\/\" target=\"_blank\">Instituto de Sociologia da UP<\/a><\/p>\n\n\n\n<p><strong><strong>S\u00edlvia Ber\u00e9ny<\/strong><\/strong><br><a rel=\"noreferrer noopener\" href=\"http:\/\/www.osmope.pt\" target=\"_blank\">OSMOPE<\/a><\/p>\n\n\n\n<p><strong><strong><strong>Luiza Cortes\u00e3o<\/strong><\/strong><\/strong><br><a rel=\"noreferrer noopener\" href=\"https:\/\/www.up.pt\/\" target=\"_blank\">Universidade do Porto<\/a> (<em>Professora Em\u00e9rita<\/em>)<br><a rel=\"noreferrer noopener\" href=\"https:\/\/ipfp.pt\" target=\"_blank\">Instituto Paulo Freire de Portugal<\/a><br><a rel=\"noreferrer noopener\" href=\"https:\/\/sigarra.up.pt\/fpceup\/en\/uni_geral.unidade_view?pv_unidade=79\" target=\"_blank\">Centro de Recursos Paulo Freire da UP<\/a><br><a rel=\"noreferrer noopener\" href=\"https:\/\/www.fpce.up.pt\/ciie\/\" target=\"_blank\">Centro de Investiga\u00e7\u00e3o e Interven\u00e7\u00e3o Educativas (CIIE)<\/a><\/p>\n\n\n\n<p><strong><strong><strong>Maria Em\u00edlia Nabuco<\/strong><\/strong><\/strong><br><a rel=\"noreferrer noopener\" href=\"https:\/\/www.eselx.ipl.pt\" target=\"_blank\">Escola Superior de Educa\u00e7\u00e3o de Lisboa<\/a> (<em>Professora Coordenadora Aposentada<\/em>)<\/p>\n\n\n\n<p><\/p>\n","protected":false},"excerpt":{"rendered":"<p>Conselho Consultivo O foco deste conselho ser\u00e1 a elabora\u00e7\u00e3o de recomenda\u00e7\u00f5es sobre a pertin\u00eancia das iniciativas desenvolvidas no \u00e2mbito do OFEI, em alinhamento com os pressupostos nacional e internacionalmente identificados para mobilizar uma Educa\u00e7\u00e3o de Qualidade.&nbsp; \u00c9 constitu\u00eddo por individualidades de reconhecido percurso acad\u00e9mico, investigativo, pedag\u00f3gico ou de interven\u00e7\u00e3o social.&nbsp; Membros:&nbsp; Roberto CarneiroUniversidade Cat\u00f3lica\u00a0Portuguesa (Prof. [&hellip;]<\/p>\n","protected":false},"author":1,"featured_media":0,"parent":0,"menu_order":0,"comment_status":"closed","ping_status":"closed","template":"","meta":{"_uag_custom_page_level_css":"","ghostkit_customizer_options":"","ghostkit_custom_css":"","ghostkit_custom_js_head":"","ghostkit_custom_js_foot":"","ghostkit_typography":"","cybocfi_hide_featured_image":""},"uagb_featured_image_src":{"full":false,"thumbnail":false,"medium":false,"medium_large":false,"large":false,"thumblist":false,"meccarouselthumb":false,"gridsquare":false,"tileview":false,"1536x1536":false,"2048x2048":false},"uagb_author_info":{"display_name":"SGRI","author_link":"https:\/\/ofei.esepf.pt\/?author=1"},"uagb_comment_info":0,"uagb_excerpt":"Conselho Consultivo O foco deste conselho ser\u00e1 a elabora\u00e7\u00e3o de recomenda\u00e7\u00f5es sobre a pertin\u00eancia das iniciativas desenvolvidas no \u00e2mbito do OFEI, em alinhamento com os pressupostos nacional e internacionalmente identificados para mobilizar uma Educa\u00e7\u00e3o de Qualidade.&nbsp; \u00c9 constitu\u00eddo por individualidades de reconhecido percurso acad\u00e9mico, investigativo, pedag\u00f3gico ou de interven\u00e7\u00e3o social.&nbsp; Membros:&nbsp; Roberto CarneiroUniversidade Cat\u00f3lica\u00a0Portuguesa (Prof.&hellip;","_links":{"self":[{"href":"https:\/\/ofei.esepf.pt\/index.php?rest_route=\/wp\/v2\/pages\/107"}],"collection":[{"href":"https:\/\/ofei.esepf.pt\/index.php?rest_route=\/wp\/v2\/pages"}],"about":[{"href":"https:\/\/ofei.esepf.pt\/index.php?rest_route=\/wp\/v2\/types\/page"}],"author":[{"embeddable":true,"href":"https:\/\/ofei.esepf.pt\/index.php?rest_route=\/wp\/v2\/users\/1"}],"replies":[{"embeddable":true,"href":"https:\/\/ofei.esepf.pt\/index.php?rest_route=%2Fwp%2Fv2%2Fcomments&post=107"}],"version-history":[{"count":12,"href":"https:\/\/ofei.esepf.pt\/index.php?rest_route=\/wp\/v2\/pages\/107\/revisions"}],"predecessor-version":[{"id":448,"href":"https:\/\/ofei.esepf.pt\/index.php?rest_route=\/wp\/v2\/pages\/107\/revisions\/448"}],"wp:attachment":[{"href":"https:\/\/ofei.esepf.pt\/index.php?rest_route=%2Fwp%2Fv2%2Fmedia&parent=107"}],"curies":[{"name":"wp","href":"https:\/\/api.w.org\/{rel}","templated":true}]}}