{"id":110,"date":"2020-06-30T14:05:07","date_gmt":"2020-06-30T14:05:07","guid":{"rendered":"https:\/\/ofei.esepf.pt\/?page_id=110"},"modified":"2022-11-17T13:52:42","modified_gmt":"2022-11-17T13:52:42","slug":"comissao-executiva","status":"publish","type":"page","link":"https:\/\/ofei.esepf.pt\/?page_id=110","title":{"rendered":"Comiss\u00e3o Executiva"},"content":{"rendered":"\n<h3 id=\"comissao-executiva\">Comiss\u00e3o Executiva<\/h3>\n\n\n\n<p>Esta Comiss\u00e3o ter\u00e1 a fun\u00e7\u00e3o de identificar a pertin\u00eancia das iniciativas a promover, seu enquadramento e operacionaliza\u00e7\u00e3o, nomeadamente ao n\u00edvel dos recursos e operacionaliza\u00e7\u00e3o.&nbsp;<\/p>\n\n\n\n<h4 id=\"membros-permanentes\">Membros permanentes:&nbsp;<\/h4>\n\n\n\n<div class=\"ghostkit-grid ghostkit-grid-gap-md\"><div class=\"ghostkit-grid-inner\">\n<div class=\"ghostkit-col ghostkit-col-12\"><div class=\"ghostkit-col-content\"><\/div><\/div>\n<\/div><\/div>\n\n\n\n<div class=\"ghostkit-grid ghostkit-grid-gap-md\"><div class=\"ghostkit-grid-inner\">\n<div class=\"ghostkit-col ghostkit-col-md-12 ghostkit-col-lg-6 ghostkit-col-3\"><div class=\"ghostkit-col-content\"><div class=\"wp-block-image is-style-rounded\">\n<figure class=\"aligncenter size-large is-resized\"><img decoding=\"async\" src=\"https:\/\/ofei.esepf.pt\/wp-content\/uploads\/2021\/11\/ver_imagem_utilizador.asp_.jpeg\" alt=\"\" class=\"wp-image-2185\" width=\"100\"\/><\/figure><\/div>\n\n\n<p class=\"has-text-align-center\"><a rel=\"noreferrer noopener\" href=\"https:\/\/orcid.org\/0000-0003-2275-4172\" target=\"_blank\"><strong>Ana Lu\u00edsa Ferreira<\/strong><\/a><\/p>\n\n\n\n<p align=\"center\"><a href=\"mailto: alf@esepf.pt\"><i class=\"far fa-envelope\"><\/i><\/a><\/p>\n\n\n\n<p class=\"has-text-align-center\"><\/p>\n<\/div><\/div>\n\n\n\n<div class=\"ghostkit-col ghostkit-col-md-12 ghostkit-col-lg-6 ghostkit-col-3\"><div class=\"ghostkit-col-content\"><div class=\"wp-block-image is-style-rounded\">\n<figure class=\"aligncenter size-large is-resized\"><a href=\"https:\/\/orcid.org\/0000-0003-3285-4003\"><img decoding=\"async\" loading=\"lazy\" src=\"https:\/\/ofei.esepf.pt\/wp-content\/uploads\/2021\/11\/DSC_0017-002-2-edited.jpg\" alt=\"\" class=\"wp-image-2186\" width=\"100\" height=\"102\"\/><\/a><\/figure><\/div>\n\n\n<p class=\"has-text-align-center\"><strong><a href=\"https:\/\/orcid.org\/0000-0003-3285-4003\" target=\"_blank\" rel=\"noreferrer noopener\">Ana Pinheiro<\/a><\/strong><\/p>\n\n\n\n<p align=\"center\"><a href=\"mailto: acp@esepf.pt\"><i class=\"far fa-envelope\"><\/i><\/a><\/p>\n\n\n\n<p class=\"has-text-align-center\"><\/p>\n<\/div><\/div>\n\n\n\n<div class=\"ghostkit-col ghostkit-col-md-12 ghostkit-col-lg-6 ghostkit-col-3\"><div class=\"ghostkit-col-content\"><div class=\"wp-block-image is-style-rounded\">\n<figure class=\"aligncenter size-large is-resized\"><a href=\"https:\/\/orcid.org\/0000-0002-3476-7803\"><img decoding=\"async\" loading=\"lazy\" src=\"https:\/\/ofei.esepf.pt\/wp-content\/uploads\/2021\/11\/ver_imagem_utilizador.asp-2.jpeg\" alt=\"\" class=\"wp-image-2187\" width=\"100\" height=\"100\" srcset=\"https:\/\/ofei.esepf.pt\/wp-content\/uploads\/2021\/11\/ver_imagem_utilizador.asp-2.jpeg 236w, https:\/\/ofei.esepf.pt\/wp-content\/uploads\/2021\/11\/ver_imagem_utilizador.asp-2-150x150.jpeg 150w\" sizes=\"(max-width: 100px) 100vw, 100px\" \/><\/a><\/figure><\/div>\n\n\n<p class=\"has-text-align-center\"><strong><a href=\"https:\/\/orcid.org\/0000-0002-3476-7803\" target=\"_blank\" rel=\"noreferrer noopener\">Brigite Silva<\/a><\/strong><\/p>\n\n\n\n<p align=\"center\"><a href=\"mailto: bcs@esepf.pt\"><i class=\"far fa-envelope\"><\/i><\/a><\/p>\n\n\n\n<p class=\"has-text-align-center\"><\/p>\n<\/div><\/div>\n\n\n\n<div class=\"ghostkit-col ghostkit-col-md-12 ghostkit-col-lg-6 ghostkit-col-3\"><div class=\"ghostkit-col-content\"><div class=\"wp-block-image is-style-rounded\">\n<figure class=\"aligncenter size-large is-resized\"><a href=\"https:\/\/orcid.org\/0000-0003-2138-1124\"><img decoding=\"async\" loading=\"lazy\" src=\"https:\/\/ofei.esepf.pt\/wp-content\/uploads\/2021\/11\/ver_imagem_utilizador.asp-3.jpeg\" alt=\"\" class=\"wp-image-2188\" width=\"100\" height=\"112\"\/><\/a><\/figure><\/div>\n\n\n<p class=\"has-text-align-center\"><strong><a href=\"https:\/\/orcid.org\/0000-0003-2138-1124\" target=\"_blank\" rel=\"noreferrer noopener\">Daniela Gon\u00e7alves<\/a><\/strong><\/p>\n\n\n\n<p align=\"center\"><a href=\"mailto: dag@esepf.pt\"><i class=\"far fa-envelope\"><\/i><\/a><\/p>\n\n\n\n<p class=\"has-text-align-center\"><br><\/p>\n<\/div><\/div>\n<\/div><\/div>\n\n\n\n<div class=\"ghostkit-grid ghostkit-grid-gap-md\"><div class=\"ghostkit-grid-inner\">\n<div class=\"ghostkit-col ghostkit-col-md-12 ghostkit-col-lg-6 ghostkit-col-3\"><div class=\"ghostkit-col-content\"><div class=\"wp-block-image is-style-rounded\">\n<figure class=\"aligncenter size-large is-resized\"><img decoding=\"async\" src=\"https:\/\/ofei.esepf.pt\/wp-content\/uploads\/2021\/11\/ver_imagem_utilizador.asp-5-edited.jpeg\" alt=\"\" class=\"wp-image-2190\" width=\"100\" srcset=\"https:\/\/ofei.esepf.pt\/wp-content\/uploads\/2021\/11\/ver_imagem_utilizador.asp-5-edited.jpeg 200w, https:\/\/ofei.esepf.pt\/wp-content\/uploads\/2021\/11\/ver_imagem_utilizador.asp-5-edited-150x150.jpeg 150w\" sizes=\"(max-width: 200px) 100vw, 200px\" \/><\/figure><\/div>\n\n\n<p class=\"has-text-align-center\"><strong><strong><a href=\"https:\/\/orcid.org\/0000-0001-9308-962X\" target=\"_blank\" rel=\"noreferrer noopener\">Florbela Samagaio<\/a><\/strong><\/strong><\/p>\n\n\n\n<p align=\"center\"><a href=\"mailto: fsg@esepf.pt\"><i class=\"far fa-envelope\"><\/i><\/a><\/p>\n\n\n\n<p class=\"has-text-align-center\"><\/p>\n<\/div><\/div>\n\n\n\n<div class=\"ghostkit-col ghostkit-col-md-12 ghostkit-col-lg-6 ghostkit-col-3\"><div class=\"ghostkit-col-content\"><div class=\"wp-block-image is-style-rounded\">\n<figure class=\"aligncenter size-large is-resized\"><img decoding=\"async\" src=\"https:\/\/ofei.esepf.pt\/wp-content\/uploads\/2021\/11\/ver_imagem_utilizador.asp-6.jpeg\" alt=\"\" class=\"wp-image-2191\" width=\"100\" srcset=\"https:\/\/ofei.esepf.pt\/wp-content\/uploads\/2021\/11\/ver_imagem_utilizador.asp-6.jpeg 191w, https:\/\/ofei.esepf.pt\/wp-content\/uploads\/2021\/11\/ver_imagem_utilizador.asp-6-150x150.jpeg 150w\" sizes=\"(max-width: 191px) 100vw, 191px\" \/><\/figure><\/div>\n\n\n<p class=\"has-text-align-center\"><strong><strong><a href=\"https:\/\/orcid.org\/0000-0003-3314-8047\" target=\"_blank\" rel=\"noreferrer noopener\">Irene Cortes\u00e3o<\/a><\/strong><\/strong><\/p>\n\n\n\n<p align=\"center\"><a href=\"mailto: icc@esepf.pt\"><i class=\"far fa-envelope\"><\/i><\/a><\/p>\n\n\n\n<p class=\"has-text-align-center\"><strong><br><\/strong><\/p>\n<\/div><\/div>\n\n\n\n<div class=\"ghostkit-col ghostkit-col-md-12 ghostkit-col-lg-6 ghostkit-col-3\"><div class=\"ghostkit-col-content\"><div class=\"wp-block-image is-style-rounded\">\n<figure class=\"aligncenter size-large is-resized\"><img decoding=\"async\" loading=\"lazy\" src=\"https:\/\/ofei.esepf.pt\/wp-content\/uploads\/2020\/08\/paulapequito.jpg\" alt=\"\" class=\"wp-image-347\" width=\"100\" height=\"100\" srcset=\"https:\/\/ofei.esepf.pt\/wp-content\/uploads\/2020\/08\/paulapequito.jpg 200w, https:\/\/ofei.esepf.pt\/wp-content\/uploads\/2020\/08\/paulapequito-150x150.jpg 150w\" sizes=\"(max-width: 100px) 100vw, 100px\" \/><\/figure><\/div>\n\n\n<p class=\"has-text-align-center\"><strong><a href=\"https:\/\/orcid.org\/0000-0001-5627-3890\" target=\"_blank\" rel=\"noreferrer noopener\">Paula Pequito<\/a><\/strong><\/p>\n\n\n\n<p align=\"center\"><a href=\"mailto: mpp@esepf.pt\"><i class=\"far fa-envelope\"><\/i><\/a><\/p>\n\n\n\n<p class=\"has-text-align-center\"><\/p>\n\n\n\n<p class=\"has-text-align-center\"><\/p>\n<\/div><\/div>\n\n\n\n<div class=\"ghostkit-col ghostkit-col-md-12 ghostkit-col-lg-6 ghostkit-col-3\"><div class=\"ghostkit-col-content\">\n<p class=\"has-text-align-center\"><\/p>\n\n\n\n<p class=\"has-text-align-center\"><br><\/p>\n<\/div><\/div>\n<\/div><\/div>\n\n\n\n<h4 id=\"membros-convidados\">Membros convidados:&nbsp;<\/h4>\n\n\n\n<p>Mais informa\u00e7\u00f5es em breve.<\/p>\n\n\n\n<div class=\"ghostkit-grid ghostkit-grid-gap-md ghostkit-d-none\"><div class=\"ghostkit-grid-inner\">\n<div class=\"ghostkit-col ghostkit-col-lg-12 ghostkit-col-4\"><div class=\"ghostkit-col-content\">\n<div class=\"wp-block-uagb-team uagb-team__image-position-above uagb-team__align-center uagb-team__stack-tablet uagb-block-217db3c4\"><div class=\"uagb-team__content\"><img decoding=\"async\" class=\"uagb-team__image-crop-normal\" src=\"https:\/\/ofei.esepf.pt\/wp-content\/uploads\/2020\/08\/paulapequito-150x150.jpg\" alt=\"\"\/><h3 class=\"uagb-team__title\"><strong>Paula Pequito<\/strong><\/h3><span class=\"uagb-team__prefix\"><a rel=\"noreferrer noopener\" href=\"mailto:mpp@esepf.pt\" target=\"_blank\"><strong>mpp@esepf.pt<\/strong><\/a><strong>\u00a0<\/strong><\/span><p class=\"uagb-team__desc\"><strong>ORCID<\/strong><\/p><\/div><\/div>\n<\/div><\/div>\n\n\n\n<div class=\"ghostkit-col ghostkit-col-lg-12 ghostkit-col-4\"><div class=\"ghostkit-col-content\">\n<div class=\"wp-block-uagb-team uagb-team__image-position-above uagb-team__align-center uagb-team__stack-tablet uagb-block-f22c4e24\"><div class=\"uagb-team__content\"><img decoding=\"async\" class=\"uagb-team__image-crop-normal\" src=\"https:\/\/ofei.esepf.pt\/wp-content\/uploads\/2020\/08\/DSC_0017-002-2-150x150.jpg\" alt=\"\"\/><h3 class=\"uagb-team__title\"><strong><strong>Ana Pinheiro<\/strong><\/strong><\/h3><span class=\"uagb-team__prefix\"><a rel=\"noreferrer noopener\" href=\"mailto:mpp@esepf.pt\" target=\"_blank\"><strong><a rel=\"noreferrer noopener\" href=\"mailto:acp@esepf.pt\" target=\"_blank\"><strong>acp@esepf.pt<\/strong><\/a><strong>\u00a0<\/strong><\/strong><\/a><strong>\u00a0<\/strong><\/span><p class=\"uagb-team__desc\"><a rel=\"noreferrer noopener\" href=\"https:\/\/orcid.org\/0000-0003-3285-4003\" target=\"_blank\"><strong>ORCID<\/strong><\/a><\/p><\/div><\/div>\n<\/div><\/div>\n\n\n\n<div class=\"ghostkit-col ghostkit-col-lg-12 ghostkit-col-4\"><div class=\"ghostkit-col-content\">\n<div class=\"wp-block-uagb-team uagb-team__image-position-above uagb-team__align-center uagb-team__stack-tablet uagb-block-9033769f\"><div class=\"uagb-team__content\"><img decoding=\"async\" class=\"uagb-team__image-crop-normal\" src=\"https:\/\/ofei.esepf.pt\/wp-content\/uploads\/2020\/08\/BCS-e1596463101911-150x150.jpeg\" alt=\"\"\/><h3 class=\"uagb-team__title\"><strong><strong>Brigite Silva<\/strong><\/strong><\/h3><span class=\"uagb-team__prefix\"><a rel=\"noreferrer noopener\" href=\"mailto:mpp@esepf.pt\" target=\"_blank\"><\/a><strong><a rel=\"noreferrer noopener\" href=\"mailto:bcs@esepf.pt\" target=\"_blank\"><strong>bcs@esepf.pt<\/strong><\/a><strong>\u00a0<\/strong><\/strong><br><\/span><p class=\"uagb-team__desc\"><strong><a href=\"https:\/\/orcid.org\/0000-0002-3476-7803\" target=\"_blank\" rel=\"noreferrer noopener\">ORCID<\/a><\/strong><\/p><\/div><\/div>\n<\/div><\/div>\n\n\n\n<div class=\"ghostkit-col\"><div class=\"ghostkit-col-content\"><\/div><\/div>\n<\/div><\/div>\n\n\n\n<div class=\"ghostkit-grid ghostkit-grid-gap-md ghostkit-d-none\"><div class=\"ghostkit-grid-inner\">\n<div class=\"ghostkit-col ghostkit-col-lg-12 ghostkit-col-4\"><div class=\"ghostkit-col-content\"><\/div><\/div>\n\n\n\n<div class=\"ghostkit-col ghostkit-col-lg-12 ghostkit-col-4\"><div class=\"ghostkit-col-content\">\n<div class=\"wp-block-uagb-team uagb-team__image-position-above uagb-team__align-center uagb-team__stack-tablet uagb-block-004f6972\"><div class=\"uagb-team__content\"><img decoding=\"async\" class=\"uagb-team__image-crop-normal\" src=\"https:\/\/ofei.esepf.pt\/wp-content\/uploads\/2020\/08\/ivoneneves-150x150.jpg\" alt=\"\"\/><h3 class=\"uagb-team__title\"><strong><strong>Ivone Neves<\/strong><\/strong><\/h3><span class=\"uagb-team__prefix\"><a rel=\"noreferrer noopener\" href=\"mailto:mpp@esepf.pt\" target=\"_blank\"><\/a><strong><a rel=\"noreferrer noopener\" href=\"mailto:min@esepf.pt\" target=\"_blank\"><strong>min@esepf.pt<\/strong><\/a><strong>\u00a0<\/strong><\/strong><br><\/span><p class=\"uagb-team__desc\"><a href=\"https:\/\/www.cienciavitae.pt\/0717-7168-90B3\" target=\"_blank\" rel=\"noreferrer noopener\"><strong>CI\u00caNCIA VITAE<\/strong><\/a><\/p><\/div><\/div>\n<\/div><\/div>\n\n\n\n<div class=\"ghostkit-col ghostkit-col-lg-12 ghostkit-col-4\"><div class=\"ghostkit-col-content\"><\/div><\/div>\n\n\n\n<div class=\"ghostkit-col\"><div class=\"ghostkit-col-content\"><\/div><\/div>\n<\/div><\/div>\n","protected":false},"excerpt":{"rendered":"<p>Comiss\u00e3o Executiva Esta Comiss\u00e3o ter\u00e1 a fun\u00e7\u00e3o de identificar a pertin\u00eancia das iniciativas a promover, seu enquadramento e operacionaliza\u00e7\u00e3o, nomeadamente ao n\u00edvel dos recursos e operacionaliza\u00e7\u00e3o.&nbsp; Membros permanentes:&nbsp; Membros convidados:&nbsp; Mais informa\u00e7\u00f5es em breve.<\/p>\n","protected":false},"author":1,"featured_media":0,"parent":0,"menu_order":0,"comment_status":"closed","ping_status":"closed","template":"","meta":{"_uag_custom_page_level_css":"","ghostkit_customizer_options":"","ghostkit_custom_css":"","ghostkit_custom_js_head":"","ghostkit_custom_js_foot":"","ghostkit_typography":"","cybocfi_hide_featured_image":""},"uagb_featured_image_src":{"full":false,"thumbnail":false,"medium":false,"medium_large":false,"large":false,"thumblist":false,"meccarouselthumb":false,"gridsquare":false,"tileview":false,"1536x1536":false,"2048x2048":false},"uagb_author_info":{"display_name":"SGRI","author_link":"https:\/\/ofei.esepf.pt\/?author=1"},"uagb_comment_info":0,"uagb_excerpt":"Comiss\u00e3o Executiva Esta Comiss\u00e3o ter\u00e1 a fun\u00e7\u00e3o de identificar a pertin\u00eancia das iniciativas a promover, seu enquadramento e operacionaliza\u00e7\u00e3o, nomeadamente ao n\u00edvel dos recursos e operacionaliza\u00e7\u00e3o.&nbsp; Membros permanentes:&nbsp; Membros convidados:&nbsp; Mais informa\u00e7\u00f5es em breve.","_links":{"self":[{"href":"https:\/\/ofei.esepf.pt\/index.php?rest_route=\/wp\/v2\/pages\/110"}],"collection":[{"href":"https:\/\/ofei.esepf.pt\/index.php?rest_route=\/wp\/v2\/pages"}],"about":[{"href":"https:\/\/ofei.esepf.pt\/index.php?rest_route=\/wp\/v2\/types\/page"}],"author":[{"embeddable":true,"href":"https:\/\/ofei.esepf.pt\/index.php?rest_route=\/wp\/v2\/users\/1"}],"replies":[{"embeddable":true,"href":"https:\/\/ofei.esepf.pt\/index.php?rest_route=%2Fwp%2Fv2%2Fcomments&post=110"}],"version-history":[{"count":15,"href":"https:\/\/ofei.esepf.pt\/index.php?rest_route=\/wp\/v2\/pages\/110\/revisions"}],"predecessor-version":[{"id":2661,"href":"https:\/\/ofei.esepf.pt\/index.php?rest_route=\/wp\/v2\/pages\/110\/revisions\/2661"}],"wp:attachment":[{"href":"https:\/\/ofei.esepf.pt\/index.php?rest_route=%2Fwp%2Fv2%2Fmedia&parent=110"}],"curies":[{"name":"wp","href":"https:\/\/api.w.org\/{rel}","templated":true}]}}