{"id":115,"date":"2020-06-30T14:08:31","date_gmt":"2020-06-30T14:08:31","guid":{"rendered":"https:\/\/ofei.esepf.pt\/?page_id=115"},"modified":"2021-11-12T09:31:25","modified_gmt":"2021-11-12T09:31:25","slug":"congressos","status":"publish","type":"page","link":"https:\/\/ofei.esepf.pt\/?page_id=115","title":{"rendered":"Congressos"},"content":{"rendered":"\n\t\t\t<div class=\"wp-block-uagb-post-grid uagb-post-grid  uagb-post__image-position-top uagb-post__image-enabled uagb-block-4ef938c0     uagb-post__items uagb-post__columns-3 is-grid uagb-post__columns-tablet-2 uagb-post__columns-mobile-1 uagb-post__equal-height\"\n\t\t\t\tdata-total=\"8\"\n\t\t\t\tstyle=\"\"\n\t\t\t>\n\n\t\t\t\t\t\t\t\t\t\t\t\t<article class=\"uagb-post__inner-wrap\">\t\t\t\t\t\t\t\t<div class='uagb-post__image'>\n\t\t\t\t\t\t\t\t\t<a href=\"https:\/\/ofei.esepf.pt\/?mec-events=congressointernacional2026\" target=\"_self\" rel=\"bookmark noopener noreferrer\" class='uagb-image-ratio-inherit'><img width=\"150\" height=\"150\" src=\"https:\/\/ofei.esepf.pt\/wp-content\/uploads\/2026\/05\/Cartaz-Congreso-MMH-1-150x150.jpg\" class=\"attachment-thumbnail size-thumbnail\" alt=\"\" decoding=\"async\" loading=\"lazy\" srcset=\"https:\/\/ofei.esepf.pt\/wp-content\/uploads\/2026\/05\/Cartaz-Congreso-MMH-1-150x150.jpg 150w, https:\/\/ofei.esepf.pt\/wp-content\/uploads\/2026\/05\/Cartaz-Congreso-MMH-1-300x300.jpg 300w\" sizes=\"(max-width: 150px) 100vw, 150px\" \/>\t\t\t\t\t<\/a>\n\t\t\t\t\t\t\t<\/div>\n\t\t\t\t\t\t<h4 class=\"uagb-post__title uagb-post__text\">\n\t\t\t\t<a href=\"https:\/\/ofei.esepf.pt\/?mec-events=congressointernacional2026\" target=\"_self\" rel=\"bookmark noopener noreferrer\">Congresso Internacional \u201cPrimeira Inf\u00e2ncia: por um cuidado integral\u201d<\/a>\n\t\t\t<\/h4>\n\t\t\t\t\t\t<div class='uagb-post__text uagb-post-grid-byline'>\n\t\t\t\t\t\t\t<\/div>\n\t\t\t\t\t\t<div class=\"uagb-post__text uagb-post__cta wp-block-button\">\n\t\t\t\t<a class=\"wp-block-button__link uagb-text-link\" href=\"https:\/\/ofei.esepf.pt\/?mec-events=congressointernacional2026\" target=\"_self\" rel=\"bookmark noopener noreferrer\">+ Info<\/a>\n\t\t\t<\/div>\n\t\t\t\t\t\t\t\t\t\t\t\t<\/article>\n\t\t\t\t\t\t\t\t\t\t\t\t\t\t\t\t<article class=\"uagb-post__inner-wrap\">\t\t\t\t\t\t\t\t<div class='uagb-post__image'>\n\t\t\t\t\t\t\t\t\t<a href=\"https:\/\/ofei.esepf.pt\/?mec-events=xix-jornadas-de-educacao\" target=\"_self\" rel=\"bookmark noopener noreferrer\" class='uagb-image-ratio-inherit'><img width=\"150\" height=\"150\" src=\"https:\/\/ofei.esepf.pt\/wp-content\/uploads\/2026\/05\/BANNER_SITE-2-150x150.png\" class=\"attachment-thumbnail size-thumbnail\" alt=\"\" decoding=\"async\" loading=\"lazy\" srcset=\"https:\/\/ofei.esepf.pt\/wp-content\/uploads\/2026\/05\/BANNER_SITE-2-150x150.png 150w, https:\/\/ofei.esepf.pt\/wp-content\/uploads\/2026\/05\/BANNER_SITE-2-300x300.png 300w\" sizes=\"(max-width: 150px) 100vw, 150px\" \/>\t\t\t\t\t<\/a>\n\t\t\t\t\t\t\t<\/div>\n\t\t\t\t\t\t<h4 class=\"uagb-post__title uagb-post__text\">\n\t\t\t\t<a href=\"https:\/\/ofei.esepf.pt\/?mec-events=xix-jornadas-de-educacao\" target=\"_self\" rel=\"bookmark noopener noreferrer\">XIX Jornadas de Educa\u00e7\u00e3o de Inf\u00e2ncia: entre os 0 e os 3 anos<\/a>\n\t\t\t<\/h4>\n\t\t\t\t\t\t<div class='uagb-post__text uagb-post-grid-byline'>\n\t\t\t\t\t\t\t<\/div>\n\t\t\t\t\t\t<div class=\"uagb-post__text uagb-post__cta wp-block-button\">\n\t\t\t\t<a class=\"wp-block-button__link uagb-text-link\" href=\"https:\/\/ofei.esepf.pt\/?mec-events=xix-jornadas-de-educacao\" target=\"_self\" rel=\"bookmark noopener noreferrer\">+ Info<\/a>\n\t\t\t<\/div>\n\t\t\t\t\t\t\t\t\t\t\t\t<\/article>\n\t\t\t\t\t\t\t\t\t\t\t\t\t\t\t\t<article class=\"uagb-post__inner-wrap\">\t\t\t\t\t\t\t\t<div class='uagb-post__image'>\n\t\t\t\t\t\t\t\t\t<a href=\"https:\/\/ofei.esepf.pt\/?mec-events=xviii-jornadas-de-educacao-2-2\" target=\"_self\" rel=\"bookmark noopener noreferrer\" class='uagb-image-ratio-inherit'><img width=\"150\" height=\"150\" src=\"https:\/\/ofei.esepf.pt\/wp-content\/uploads\/2026\/05\/BANNER_SITE-1-150x150.png\" class=\"attachment-thumbnail size-thumbnail\" alt=\"\" decoding=\"async\" loading=\"lazy\" srcset=\"https:\/\/ofei.esepf.pt\/wp-content\/uploads\/2026\/05\/BANNER_SITE-1-150x150.png 150w, https:\/\/ofei.esepf.pt\/wp-content\/uploads\/2026\/05\/BANNER_SITE-1-300x300.png 300w\" sizes=\"(max-width: 150px) 100vw, 150px\" \/>\t\t\t\t\t<\/a>\n\t\t\t\t\t\t\t<\/div>\n\t\t\t\t\t\t<h4 class=\"uagb-post__title uagb-post__text\">\n\t\t\t\t<a href=\"https:\/\/ofei.esepf.pt\/?mec-events=xviii-jornadas-de-educacao-2-2\" target=\"_self\" rel=\"bookmark noopener noreferrer\">XVIII Jornadas de Educa\u00e7\u00e3o em creche: Projetos de Interven\u00e7\u00e3o &#8211; Parte II<\/a>\n\t\t\t<\/h4>\n\t\t\t\t\t\t<div class='uagb-post__text uagb-post-grid-byline'>\n\t\t\t\t\t\t\t<\/div>\n\t\t\t\t\t\t<div class=\"uagb-post__text uagb-post__cta wp-block-button\">\n\t\t\t\t<a class=\"wp-block-button__link uagb-text-link\" href=\"https:\/\/ofei.esepf.pt\/?mec-events=xviii-jornadas-de-educacao-2-2\" target=\"_self\" rel=\"bookmark noopener noreferrer\">+ Info<\/a>\n\t\t\t<\/div>\n\t\t\t\t\t\t\t\t\t\t\t\t<\/article>\n\t\t\t\t\t\t\t\t\t\t\t\t\t\t\t\t<article class=\"uagb-post__inner-wrap\">\t\t\t\t\t\t\t\t<div class='uagb-post__image'>\n\t\t\t\t\t\t\t\t\t<a href=\"https:\/\/ofei.esepf.pt\/?mec-events=xviii-jornadas-de-educacao-2\" target=\"_self\" rel=\"bookmark noopener noreferrer\" class='uagb-image-ratio-inherit'><img width=\"150\" height=\"150\" src=\"https:\/\/ofei.esepf.pt\/wp-content\/uploads\/2026\/05\/BANNER_SITE-150x150.png\" class=\"attachment-thumbnail size-thumbnail\" alt=\"\" decoding=\"async\" loading=\"lazy\" srcset=\"https:\/\/ofei.esepf.pt\/wp-content\/uploads\/2026\/05\/BANNER_SITE-150x150.png 150w, https:\/\/ofei.esepf.pt\/wp-content\/uploads\/2026\/05\/BANNER_SITE-300x300.png 300w\" sizes=\"(max-width: 150px) 100vw, 150px\" \/>\t\t\t\t\t<\/a>\n\t\t\t\t\t\t\t<\/div>\n\t\t\t\t\t\t<h4 class=\"uagb-post__title uagb-post__text\">\n\t\t\t\t<a href=\"https:\/\/ofei.esepf.pt\/?mec-events=xviii-jornadas-de-educacao-2\" target=\"_self\" rel=\"bookmark noopener noreferrer\">XVIII Jornadas de Educa\u00e7\u00e3o em creche: Projetos de Interven\u00e7\u00e3o &#8211; Parte I<\/a>\n\t\t\t<\/h4>\n\t\t\t\t\t\t<div class='uagb-post__text uagb-post-grid-byline'>\n\t\t\t\t\t\t\t<\/div>\n\t\t\t\t\t\t<div class=\"uagb-post__text uagb-post__cta wp-block-button\">\n\t\t\t\t<a class=\"wp-block-button__link uagb-text-link\" href=\"https:\/\/ofei.esepf.pt\/?mec-events=xviii-jornadas-de-educacao-2\" target=\"_self\" rel=\"bookmark noopener noreferrer\">+ Info<\/a>\n\t\t\t<\/div>\n\t\t\t\t\t\t\t\t\t\t\t\t<\/article>\n\t\t\t\t\t\t\t\t\t\t\t\t\t\t\t\t<article class=\"uagb-post__inner-wrap\">\t\t\t\t\t\t\t\t<div class='uagb-post__image'>\n\t\t\t\t\t\t\t\t\t<a href=\"https:\/\/ofei.esepf.pt\/?mec-events=xvii-jornadas-de-educacao\" target=\"_self\" rel=\"bookmark noopener noreferrer\" class='uagb-image-ratio-inherit'><img width=\"150\" height=\"150\" src=\"https:\/\/ofei.esepf.pt\/wp-content\/uploads\/2026\/02\/BANNER_SITE-100-1-150x150.jpg\" class=\"attachment-thumbnail size-thumbnail\" alt=\"\" decoding=\"async\" loading=\"lazy\" srcset=\"https:\/\/ofei.esepf.pt\/wp-content\/uploads\/2026\/02\/BANNER_SITE-100-1-150x150.jpg 150w, https:\/\/ofei.esepf.pt\/wp-content\/uploads\/2026\/02\/BANNER_SITE-100-1-300x300.jpg 300w\" sizes=\"(max-width: 150px) 100vw, 150px\" \/>\t\t\t\t\t<\/a>\n\t\t\t\t\t\t\t<\/div>\n\t\t\t\t\t\t<h4 class=\"uagb-post__title uagb-post__text\">\n\t\t\t\t<a href=\"https:\/\/ofei.esepf.pt\/?mec-events=xvii-jornadas-de-educacao\" target=\"_self\" rel=\"bookmark noopener noreferrer\">XVII Jornadas de Educa\u00e7\u00e3o de Inf\u00e2ncia:  Portef\u00f3lios de crian\u00e7as<\/a>\n\t\t\t<\/h4>\n\t\t\t\t\t\t<div class='uagb-post__text uagb-post-grid-byline'>\n\t\t\t\t\t\t\t<\/div>\n\t\t\t\t\t\t<div class=\"uagb-post__text uagb-post__cta wp-block-button\">\n\t\t\t\t<a class=\"wp-block-button__link uagb-text-link\" href=\"https:\/\/ofei.esepf.pt\/?mec-events=xvii-jornadas-de-educacao\" target=\"_self\" rel=\"bookmark noopener noreferrer\">+ Info<\/a>\n\t\t\t<\/div>\n\t\t\t\t\t\t\t\t\t\t\t\t<\/article>\n\t\t\t\t\t\t\t\t\t\t\t\t\t\t\t\t<article class=\"uagb-post__inner-wrap\">\t\t\t\t\t\t\t\t<div class='uagb-post__image'>\n\t\t\t\t\t\t\t\t\t<a href=\"https:\/\/ofei.esepf.pt\/?mec-events=xvi-jornadas-de-educacao\" target=\"_self\" rel=\"bookmark noopener noreferrer\" class='uagb-image-ratio-inherit'><img width=\"150\" height=\"150\" src=\"https:\/\/ofei.esepf.pt\/wp-content\/uploads\/2026\/01\/BANNER_SITE-150x150.png\" class=\"attachment-thumbnail size-thumbnail\" alt=\"\" decoding=\"async\" loading=\"lazy\" srcset=\"https:\/\/ofei.esepf.pt\/wp-content\/uploads\/2026\/01\/BANNER_SITE-150x150.png 150w, https:\/\/ofei.esepf.pt\/wp-content\/uploads\/2026\/01\/BANNER_SITE-300x300.png 300w\" sizes=\"(max-width: 150px) 100vw, 150px\" \/>\t\t\t\t\t<\/a>\n\t\t\t\t\t\t\t<\/div>\n\t\t\t\t\t\t<h4 class=\"uagb-post__title uagb-post__text\">\n\t\t\t\t<a href=\"https:\/\/ofei.esepf.pt\/?mec-events=xvi-jornadas-de-educacao\" target=\"_self\" rel=\"bookmark noopener noreferrer\">XVI Jornadas de Educa\u00e7\u00e3o em creche:  o cuidar e as intera\u00e7\u00f5es<\/a>\n\t\t\t<\/h4>\n\t\t\t\t\t\t<div class='uagb-post__text uagb-post-grid-byline'>\n\t\t\t\t\t\t\t<\/div>\n\t\t\t\t\t\t<div class=\"uagb-post__text uagb-post__cta wp-block-button\">\n\t\t\t\t<a class=\"wp-block-button__link uagb-text-link\" href=\"https:\/\/ofei.esepf.pt\/?mec-events=xvi-jornadas-de-educacao\" target=\"_self\" rel=\"bookmark noopener noreferrer\">+ Info<\/a>\n\t\t\t<\/div>\n\t\t\t\t\t\t\t\t\t\t\t\t<\/article>\n\t\t\t\t\t\t\t\t\t\t\t<\/div>\n\t\t\t\n\n\n<p><\/p>\n","protected":false},"excerpt":{"rendered":"","protected":false},"author":1,"featured_media":0,"parent":0,"menu_order":0,"comment_status":"closed","ping_status":"closed","template":"","meta":{"_uag_custom_page_level_css":"","ghostkit_customizer_options":"","ghostkit_custom_css":"","ghostkit_custom_js_head":"","ghostkit_custom_js_foot":"","ghostkit_typography":"","cybocfi_hide_featured_image":""},"uagb_featured_image_src":{"full":false,"thumbnail":false,"medium":false,"medium_large":false,"large":false,"thumblist":false,"meccarouselthumb":false,"gridsquare":false,"tileview":false,"1536x1536":false,"2048x2048":false},"uagb_author_info":{"display_name":"SGRI","author_link":"https:\/\/ofei.esepf.pt\/?author=1"},"uagb_comment_info":0,"uagb_excerpt":null,"_links":{"self":[{"href":"https:\/\/ofei.esepf.pt\/index.php?rest_route=\/wp\/v2\/pages\/115"}],"collection":[{"href":"https:\/\/ofei.esepf.pt\/index.php?rest_route=\/wp\/v2\/pages"}],"about":[{"href":"https:\/\/ofei.esepf.pt\/index.php?rest_route=\/wp\/v2\/types\/page"}],"author":[{"embeddable":true,"href":"https:\/\/ofei.esepf.pt\/index.php?rest_route=\/wp\/v2\/users\/1"}],"replies":[{"embeddable":true,"href":"https:\/\/ofei.esepf.pt\/index.php?rest_route=%2Fwp%2Fv2%2Fcomments&post=115"}],"version-history":[{"count":6,"href":"https:\/\/ofei.esepf.pt\/index.php?rest_route=\/wp\/v2\/pages\/115\/revisions"}],"predecessor-version":[{"id":2157,"href":"https:\/\/ofei.esepf.pt\/index.php?rest_route=\/wp\/v2\/pages\/115\/revisions\/2157"}],"wp:attachment":[{"href":"https:\/\/ofei.esepf.pt\/index.php?rest_route=%2Fwp%2Fv2%2Fmedia&parent=115"}],"curies":[{"name":"wp","href":"https:\/\/api.w.org\/{rel}","templated":true}]}}