{"id":23,"date":"2020-06-18T21:52:36","date_gmt":"2020-06-18T21:52:36","guid":{"rendered":"https:\/\/ofei.esepf.pt\/?page_id=23"},"modified":"2023-11-20T12:54:41","modified_gmt":"2023-11-20T12:54:41","slug":"investigacao","status":"publish","type":"page","link":"https:\/\/ofei.esepf.pt\/?page_id=23","title":{"rendered":"Investiga\u00e7\u00e3o"},"content":{"rendered":"\n\t\t\t<div class=\"wp-block-uagb-post-grid uagb-post-grid  uagb-post__image-position-top uagb-post__image-enabled uagb-block-e2745087     uagb-post__items uagb-post__columns-3 is-grid uagb-post__columns-tablet-2 uagb-post__columns-mobile-1 uagb-post__equal-height\"\n\t\t\t\tdata-total=\"1\"\n\t\t\t\tstyle=\"\"\n\t\t\t>\n\n\t\t\t\t\t\t\t\t\t\t\t\t<article class=\"uagb-post__inner-wrap\">\t\t\t\t\t\t\t\t<h4 class=\"uagb-post__title uagb-post__text\">\n\t\t\t\t<a href=\"https:\/\/ofei.esepf.pt\/?p=3798\" target=\"_self\" rel=\"bookmark noopener noreferrer\"><strong>Mbalel\u00e9-Mbalel\u00e9 Hure\u00e9- Desenvolvimento da Primeira Inf\u00e2ncia Inclusivo em Mo\u00e7ambique<\/strong><\/a>\n\t\t\t<\/h4>\n\t\t\t\t\t\t<div class='uagb-post__text uagb-post-grid-byline'>\n\t\t\t\t\t\t\t\t<time datetime=\"2024-03-12T17:58:32+00:00\" class=\"uagb-post__date\">\n\t\t\t\t<span class=\"dashicons-calendar dashicons\"><\/span>\t\t\t\t\t12 de Mar\u00e7o, 2024\t\t\t\t<\/time>\n\t\t\t\t\t\t<\/div>\n\t\t\t\t\t\t\t<div class='uagb-post__text uagb-post__excerpt'>\n\t\t\t\t\t<p>Equipa da ESEPF: Ana Paula Gomes, Ana Pinheiro, Brigite Silva, Clara&#8230;\t\t\t\t<\/div>\n\t\t\t\t\t\t<div class=\"uagb-post__text uagb-post__cta wp-block-button\">\n\t\t\t\t<a class=\"wp-block-button__link uagb-text-link\" href=\"https:\/\/ofei.esepf.pt\/?p=3798\" target=\"_self\" rel=\"bookmark noopener noreferrer\">Saiba mais\/More<\/a>\n\t\t\t<\/div>\n\t\t\t\t\t\t\t\t\t\t\t\t<\/article>\n\t\t\t\t\t\t\t\t\t\t\t\t\t\t\t\t<article class=\"uagb-post__inner-wrap\">\t\t\t\t\t\t\t\t<h4 class=\"uagb-post__title uagb-post__text\">\n\t\t\t\t<a href=\"https:\/\/ofei.esepf.pt\/?p=2494\" target=\"_self\" rel=\"bookmark noopener noreferrer\">Ouvir os educadores de inf\u00e2ncia<\/a>\n\t\t\t<\/h4>\n\t\t\t\t\t\t<div class='uagb-post__text uagb-post-grid-byline'>\n\t\t\t\t\t\t\t\t<time datetime=\"2022-06-13T16:56:19+00:00\" class=\"uagb-post__date\">\n\t\t\t\t<span class=\"dashicons-calendar dashicons\"><\/span>\t\t\t\t\t13 de Junho, 2022\t\t\t\t<\/time>\n\t\t\t\t\t\t<\/div>\n\t\t\t\t\t\t\t<div class='uagb-post__text uagb-post__excerpt'>\n\t\t\t\t\t<p>Ouvir os educadores de inf\u00e2ncia Equipa de investigadores:&nbsp;Ana Pinheiro Brigite Silva,&#8230;\t\t\t\t<\/div>\n\t\t\t\t\t\t<div class=\"uagb-post__text uagb-post__cta wp-block-button\">\n\t\t\t\t<a class=\"wp-block-button__link uagb-text-link\" href=\"https:\/\/ofei.esepf.pt\/?p=2494\" target=\"_self\" rel=\"bookmark noopener noreferrer\">Saiba mais\/More<\/a>\n\t\t\t<\/div>\n\t\t\t\t\t\t\t\t\t\t\t\t<\/article>\n\t\t\t\t\t\t\t\t\t\t\t\t\t\t\t\t<article class=\"uagb-post__inner-wrap\">\t\t\t\t\t\t\t\t<h4 class=\"uagb-post__title uagb-post__text\">\n\t\t\t\t<a href=\"https:\/\/ofei.esepf.pt\/?p=2286\" target=\"_self\" rel=\"bookmark noopener noreferrer\">Problematiza\u00e7\u00e3o do conceito \u201cLifelong Kindergarden\u201d: implica\u00e7\u00f5es pedag\u00f3gicas para a promo\u00e7\u00e3o da aprendizagem nos diferentes n\u00edveis de ensino | Problematising the Concept of &#8216;Lifelong Kindergarten&#8217;: Pedagogical Implications for Promoting Learning Across Different Educational Levels<\/a>\n\t\t\t<\/h4>\n\t\t\t\t\t\t<div class='uagb-post__text uagb-post-grid-byline'>\n\t\t\t\t\t\t\t\t<time datetime=\"2022-03-22T15:18:00+00:00\" class=\"uagb-post__date\">\n\t\t\t\t<span class=\"dashicons-calendar dashicons\"><\/span>\t\t\t\t\t22 de Mar\u00e7o, 2022\t\t\t\t<\/time>\n\t\t\t\t\t\t<\/div>\n\t\t\t\t\t\t\t<div class='uagb-post__text uagb-post__excerpt'>\n\t\t\t\t\t<p>Problematiza\u00e7\u00e3o do conceito \u201cLifelong Kindergarden\u201d: implica\u00e7\u00f5es pedag\u00f3gicas para a promo\u00e7\u00e3o da&#8230;\t\t\t\t<\/div>\n\t\t\t\t\t\t<div class=\"uagb-post__text uagb-post__cta wp-block-button\">\n\t\t\t\t<a class=\"wp-block-button__link uagb-text-link\" href=\"https:\/\/ofei.esepf.pt\/?p=2286\" target=\"_self\" rel=\"bookmark noopener noreferrer\">Saiba mais\/More<\/a>\n\t\t\t<\/div>\n\t\t\t\t\t\t\t\t\t\t\t\t<\/article>\n\t\t\t\t\t\t\t\t\t\t\t\t\t\t\t\t<article class=\"uagb-post__inner-wrap\">\t\t\t\t\t\t\t\t<h4 class=\"uagb-post__title uagb-post__text\">\n\t\t\t\t<a href=\"https:\/\/ofei.esepf.pt\/?p=2283\" target=\"_self\" rel=\"bookmark noopener noreferrer\">A abordagem Play based learning como uma metodologia ativa e significativa | The Play-based learning approach as an active and meaningful methodology<\/a>\n\t\t\t<\/h4>\n\t\t\t\t\t\t<div class='uagb-post__text uagb-post-grid-byline'>\n\t\t\t\t\t\t\t\t<time datetime=\"2022-03-10T15:14:00+00:00\" class=\"uagb-post__date\">\n\t\t\t\t<span class=\"dashicons-calendar dashicons\"><\/span>\t\t\t\t\t10 de Mar\u00e7o, 2022\t\t\t\t<\/time>\n\t\t\t\t\t\t<\/div>\n\t\t\t\t\t\t\t<div class='uagb-post__text uagb-post__excerpt'>\n\t\t\t\t\t<p>A abordagem Play based learning como uma metodologia ativa e significativa&#8230;\t\t\t\t<\/div>\n\t\t\t\t\t\t<div class=\"uagb-post__text uagb-post__cta wp-block-button\">\n\t\t\t\t<a class=\"wp-block-button__link uagb-text-link\" href=\"https:\/\/ofei.esepf.pt\/?p=2283\" target=\"_self\" rel=\"bookmark noopener noreferrer\">Saiba mais\/More<\/a>\n\t\t\t<\/div>\n\t\t\t\t\t\t\t\t\t\t\t\t<\/article>\n\t\t\t\t\t\t\t\t\t\t\t\t\t\t\t\t<article class=\"uagb-post__inner-wrap\">\t\t\t\t\t\t\t\t<h4 class=\"uagb-post__title uagb-post__text\">\n\t\t\t\t<a href=\"https:\/\/ofei.esepf.pt\/?p=2288\" target=\"_self\" rel=\"bookmark noopener noreferrer\">Oportunidades de aprendizagem no\/com o exterior: altera\u00e7\u00e3o de pr\u00e1ticas em creches e jardins de inf\u00e2ncia urbanos | Outdoor learning opportunities: changing practices in urban kindergartens and daycare centers.<\/a>\n\t\t\t<\/h4>\n\t\t\t\t\t\t<div class='uagb-post__text uagb-post-grid-byline'>\n\t\t\t\t\t\t\t\t<time datetime=\"2022-02-01T15:21:00+00:00\" class=\"uagb-post__date\">\n\t\t\t\t<span class=\"dashicons-calendar dashicons\"><\/span>\t\t\t\t\t1 de Fevereiro, 2022\t\t\t\t<\/time>\n\t\t\t\t\t\t<\/div>\n\t\t\t\t\t\t\t<div class='uagb-post__text uagb-post__excerpt'>\n\t\t\t\t\t<p>Oportunidades de aprendizagem no\/com o exterior: altera\u00e7\u00e3o de pr\u00e1ticas em creches&#8230;\t\t\t\t<\/div>\n\t\t\t\t\t\t<div class=\"uagb-post__text uagb-post__cta wp-block-button\">\n\t\t\t\t<a class=\"wp-block-button__link uagb-text-link\" href=\"https:\/\/ofei.esepf.pt\/?p=2288\" target=\"_self\" rel=\"bookmark noopener noreferrer\">Saiba mais\/More<\/a>\n\t\t\t<\/div>\n\t\t\t\t\t\t\t\t\t\t\t\t<\/article>\n\t\t\t\t\t\t\t\t\t\t\t\t\t\t\t\t<article class=\"uagb-post__inner-wrap\">\t\t\t\t\t\t\t\t<h4 class=\"uagb-post__title uagb-post__text\">\n\t\t\t\t<a href=\"https:\/\/ofei.esepf.pt\/?p=2268\" target=\"_self\" rel=\"bookmark noopener noreferrer\">#infIN<\/a>\n\t\t\t<\/h4>\n\t\t\t\t\t\t<div class='uagb-post__text uagb-post-grid-byline'>\n\t\t\t\t\t\t\t\t<time datetime=\"2020-11-06T12:31:00+00:00\" class=\"uagb-post__date\">\n\t\t\t\t<span class=\"dashicons-calendar dashicons\"><\/span>\t\t\t\t\t6 de Novembro, 2020\t\t\t\t<\/time>\n\t\t\t\t\t\t<\/div>\n\t\t\t\t\t\t\t<div class='uagb-post__text uagb-post__excerpt'>\n\t\t\t\t\t<p>#infIN Crian\u00e7as e fam\u00edlias em recolhimento social\u202f\u2013 A\u00a0perspetiva\u00a0dos pais | Children&#8230;\t\t\t\t<\/div>\n\t\t\t\t\t\t<div class=\"uagb-post__text uagb-post__cta wp-block-button\">\n\t\t\t\t<a class=\"wp-block-button__link uagb-text-link\" href=\"https:\/\/ofei.esepf.pt\/?p=2268\" target=\"_self\" rel=\"bookmark noopener noreferrer\">Saiba mais\/More<\/a>\n\t\t\t<\/div>\n\t\t\t\t\t\t\t\t\t\t\t\t<\/article>\n\t\t\t\t\t\t\t\t\t\t\t\t\t\t\t\t<article class=\"uagb-post__inner-wrap\">\t\t\t\t\t\t\t\t<h4 class=\"uagb-post__title uagb-post__text\">\n\t\t\t\t<a href=\"https:\/\/ofei.esepf.pt\/?p=2270\" target=\"_self\" rel=\"bookmark noopener noreferrer\">I3 \u2013 Interven\u00e7\u00e3o, Intera\u00e7\u00e3o e Inf\u00e2ncia<\/a>\n\t\t\t<\/h4>\n\t\t\t\t\t\t<div class='uagb-post__text uagb-post-grid-byline'>\n\t\t\t\t\t\t\t\t<time datetime=\"2020-10-22T12:33:11+00:00\" class=\"uagb-post__date\">\n\t\t\t\t<span class=\"dashicons-calendar dashicons\"><\/span>\t\t\t\t\t22 de Outubro, 2020\t\t\t\t<\/time>\n\t\t\t\t\t\t<\/div>\n\t\t\t\t\t\t\t<div class='uagb-post__text uagb-post__excerpt'>\n\t\t\t\t\t<p>I3 &#8211; Interven\u00e7\u00e3o, Intera\u00e7\u00e3o e Inf\u00e2ncia | I3 &#8211; Intervention, Interaction&#8230;\t\t\t\t<\/div>\n\t\t\t\t\t\t<div class=\"uagb-post__text uagb-post__cta wp-block-button\">\n\t\t\t\t<a class=\"wp-block-button__link uagb-text-link\" href=\"https:\/\/ofei.esepf.pt\/?p=2270\" target=\"_self\" rel=\"bookmark noopener noreferrer\">Saiba mais\/More<\/a>\n\t\t\t<\/div>\n\t\t\t\t\t\t\t\t\t\t\t\t<\/article>\n\t\t\t\t\t\t\t\t\t\t\t<\/div>\n\t\t\t\n\n\n<div class=\"ghostkit-grid ghostkit-grid-gap-md ghostkit-d-none\"><div class=\"ghostkit-grid-inner\">\n<div class=\"ghostkit-col ghostkit-col-md-12 ghostkit-col-6\"><div class=\"ghostkit-col-content\">\n<figure class=\"wp-block-image size-large\"><img decoding=\"async\" loading=\"lazy\" width=\"1024\" height=\"656\" src=\"https:\/\/ofei.esepf.pt\/wp-content\/uploads\/2020\/08\/investigacao1-1024x656.jpg\" alt=\"\" class=\"wp-image-355\" srcset=\"https:\/\/ofei.esepf.pt\/wp-content\/uploads\/2020\/08\/investigacao1-1024x656.jpg 1024w, https:\/\/ofei.esepf.pt\/wp-content\/uploads\/2020\/08\/investigacao1-300x192.jpg 300w, https:\/\/ofei.esepf.pt\/wp-content\/uploads\/2020\/08\/investigacao1-768x492.jpg 768w, https:\/\/ofei.esepf.pt\/wp-content\/uploads\/2020\/08\/investigacao1-1536x984.jpg 1536w, https:\/\/ofei.esepf.pt\/wp-content\/uploads\/2020\/08\/investigacao1.jpg 1920w\" sizes=\"(max-width: 1024px) 100vw, 1024px\" \/><\/figure>\n<\/div><\/div>\n\n\n\n<div class=\"ghostkit-col ghostkit-col-md-12 ghostkit-col-6\"><div class=\"ghostkit-col-content\">\n<h4 id=\"i3-intervencao-interacao-e-infancia\">I3&nbsp;&#8211; Interven\u00e7\u00e3o, Intera\u00e7\u00e3o e&nbsp;Inf\u00e2ncia:<\/h4>\n\n\n\n<p>Um estudo sobre o papel dos Educadores no contexto de isolamento social em Portugal<\/p>\n\n\n\n<div class=\"ghostkit-button-wrapper ghostkit-button-wrapper-gap-md\"><div class=\"ghostkit-button-wrapper-inner\">\n<a class=\"ghostkit-button ghostkit-button-md\" href=\"https:\/\/ofei.esepf.pt\/?page_id=32\"><span class=\"ghostkit-button-text\">Veja mais<\/span><\/a>\n<\/div><\/div>\n<\/div><\/div>\n<\/div><\/div>\n","protected":false},"excerpt":{"rendered":"","protected":false},"author":1,"featured_media":0,"parent":0,"menu_order":0,"comment_status":"closed","ping_status":"closed","template":"full-width.php","meta":{"_uag_custom_page_level_css":"","ghostkit_customizer_options":"","ghostkit_custom_css":"","ghostkit_custom_js_head":"","ghostkit_custom_js_foot":"","ghostkit_typography":"","cybocfi_hide_featured_image":""},"uagb_featured_image_src":{"full":false,"thumbnail":false,"medium":false,"medium_large":false,"large":false,"thumblist":false,"meccarouselthumb":false,"gridsquare":false,"tileview":false,"1536x1536":false,"2048x2048":false},"uagb_author_info":{"display_name":"SGRI","author_link":"https:\/\/ofei.esepf.pt\/?author=1"},"uagb_comment_info":0,"uagb_excerpt":null,"_links":{"self":[{"href":"https:\/\/ofei.esepf.pt\/index.php?rest_route=\/wp\/v2\/pages\/23"}],"collection":[{"href":"https:\/\/ofei.esepf.pt\/index.php?rest_route=\/wp\/v2\/pages"}],"about":[{"href":"https:\/\/ofei.esepf.pt\/index.php?rest_route=\/wp\/v2\/types\/page"}],"author":[{"embeddable":true,"href":"https:\/\/ofei.esepf.pt\/index.php?rest_route=\/wp\/v2\/users\/1"}],"replies":[{"embeddable":true,"href":"https:\/\/ofei.esepf.pt\/index.php?rest_route=%2Fwp%2Fv2%2Fcomments&post=23"}],"version-history":[{"count":22,"href":"https:\/\/ofei.esepf.pt\/index.php?rest_route=\/wp\/v2\/pages\/23\/revisions"}],"predecessor-version":[{"id":3738,"href":"https:\/\/ofei.esepf.pt\/index.php?rest_route=\/wp\/v2\/pages\/23\/revisions\/3738"}],"wp:attachment":[{"href":"https:\/\/ofei.esepf.pt\/index.php?rest_route=%2Fwp%2Fv2%2Fmedia&parent=23"}],"curies":[{"name":"wp","href":"https:\/\/api.w.org\/{rel}","templated":true}]}}