{"id":2730,"date":"2022-11-17T15:53:06","date_gmt":"2022-11-17T15:53:06","guid":{"rendered":"https:\/\/ofei.esepf.pt\/?page_id=2730"},"modified":"2023-05-19T15:21:39","modified_gmt":"2023-05-19T15:21:39","slug":"comissao-congresso-2023","status":"publish","type":"page","link":"https:\/\/ofei.esepf.pt\/?page_id=2730","title":{"rendered":"Comiss\u00e3o Congresso 2023"},"content":{"rendered":"\n<h4 class=\"has-text-align-center\" id=\"ii-congresso-internacional-ofei\">II Congresso Internacional OFEI<\/h4>\n\n\n\n<hr class=\"wp-block-separator has-text-color has-vivid-cyan-blue-color has-css-opacity has-vivid-cyan-blue-background-color has-background\"\/>\n\n\n\n<h6 class=\"has-text-align-center has-vivid-cyan-blue-color has-text-color\" id=\"comissao-organizadora\"><strong>Comiss\u00e3o organizadora<\/strong><\/h6>\n\n\n\n<p style=\"font-size:12px\"><strong><strong>Paula Pequito<\/strong>\u202f\u2013 <\/strong><a rel=\"noreferrer noopener\" href=\"http:\/\/esepf.pt\/\" target=\"_blank\">Escola Superior de Educa\u00e7\u00e3o de Paula Frassinetti<\/a><br><strong>Ana Lu\u00edsa Ferreira \u2013<\/strong>&nbsp;<a rel=\"noreferrer noopener\" href=\"http:\/\/esepf.pt\/\" target=\"_blank\">Escola Superior de Educa\u00e7\u00e3o de Paula Frassinetti<\/a><strong><br><strong>Ana Pinheiro<\/strong>\u202f\u2013 <\/strong><a rel=\"noreferrer noopener\" href=\"http:\/\/esepf.pt\/\" target=\"_blank\">Escola Superior de Educa\u00e7\u00e3o de Paula Frassinetti<\/a><strong><br><strong>Daniela Gon\u00e7alves<\/strong>\u202f\u2013 <\/strong><a rel=\"noreferrer noopener\" href=\"http:\/\/esepf.pt\/\" target=\"_blank\">Escola Superior de Educa\u00e7\u00e3o de Paula Frassinetti<\/a><strong><br><strong>Daniella Assemany<\/strong>\u202f\u2013 <\/strong><a rel=\"noreferrer noopener\" href=\"https:\/\/www.google.com\/url?sa=t&amp;rct=j&amp;q=&amp;esrc=s&amp;source=web&amp;cd=&amp;cad=rja&amp;uact=8&amp;ved=2ahUKEwiUgoPwpvb7AhXO34UKHU_7CJQQFnoECBMQAQ&amp;url=https%3A%2F%2Fufrj.br%2F&amp;usg=AOvVaw0QTa6udilsDLGiYiD1hL1X\" target=\"_blank\">Universidade Federal do Rio de Janeiro<\/a>\u202f| Grupo de Estudos e Pesquisas em Insubordina\u00e7\u00e3o Criativa<strong>\u202f&nbsp;<\/strong><br><strong>Elvira&nbsp;Sanchez \u2013<\/strong>&nbsp;&nbsp;<a rel=\"noreferrer noopener\" href=\"https:\/\/www.google.com\/url?sa=t&amp;rct=j&amp;q=&amp;esrc=s&amp;source=web&amp;cd=&amp;cad=rja&amp;uact=8&amp;ved=2ahUKEwiB8aL9pvb7AhVNhc4BHXE6BwYQFnoECAwQAQ&amp;url=http%3A%2F%2Fwww.waece.org%2F&amp;usg=AOvVaw0lIjXTr0frI3BaolcxSOqi\" target=\"_blank\">Asociaci\u00f3n Mundial de Educadores Infantiles<\/a>&nbsp; (AMEI-WAECE)<strong><br><strong>Maria Jes\u00fas V\u00edton<\/strong>\u202f\u2013\u202f<\/strong><a rel=\"noreferrer noopener\" href=\"https:\/\/www.google.com\/url?sa=t&amp;rct=j&amp;q=&amp;esrc=s&amp;source=web&amp;cd=&amp;cad=rja&amp;uact=8&amp;ved=2ahUKEwiei6-Ip_b7AhUDgc4BHTzDBosQFnoECBYQAQ&amp;url=https%3A%2F%2Fwww.uam.es%2Fuam%2Fen%2Finicio&amp;usg=AOvVaw2Y8a_GBlmkMnY1Detkd-kz\" target=\"_blank\">Universidade Aut\u00f3noma de Madrid<\/a> | Grupo de investiga\u00e7\u00e3o SIeP | Instituto Universitario de Estudios de la mujer (UAM) | ASODIPSE- Asociaci\u00f3n<strong> <\/strong>para el desarrollo Integral de las Personas con capacidades especiales | Comisi\u00f3n de Derechos Humanos Hispano-Guatemalteca CDHHG&nbsp;<\/p>\n\n\n\n<h6 class=\"has-text-align-center has-vivid-cyan-blue-color has-text-color\" id=\"comissao-cientifica\"><strong>Comiss\u00e3o cient\u00edfica<\/strong><\/h6>\n\n\n\n<p style=\"font-size:12px\"><strong>Am\u00e9lia Lopes\u00a0&#8211;<\/strong>\u00a0<a rel=\"noreferrer noopener\" href=\"https:\/\/sigarra.up.pt\/fpceup\/pt\/web_page.inicial\" target=\"_blank\">Faculdade de Psicologia e de Ci\u00eancias da Educa\u00e7\u00e3o da Universidade do Porto<\/a><br><strong>Ana\u00a0Am\u00e9lia Carvalho \u2013<\/strong>\u00a0<a rel=\"noreferrer noopener\" href=\"https:\/\/www.uc.pt\/fpce\" target=\"_blank\">Faculdade de Psicologia e Ci\u00eancias da Educa\u00e7\u00e3o da Universidade de Coimbra<\/a><br><strong>Ana Lu\u00edsa Ferreira \u2013<\/strong>\u00a0<a rel=\"noreferrer noopener\" href=\"http:\/\/esepf.pt\/\" target=\"_blank\">Escola Superior de Educa\u00e7\u00e3o de Paula Frassinetti<\/a><br><strong>Ana Paula Gomes\u00a0\u2013<\/strong>\u00a0<a rel=\"noreferrer noopener\" href=\"https:\/\/esepf.pt\/\" target=\"_blank\">Escola Superior de Educa\u00e7\u00e3o de Paula Frassinetti<\/a>\u00a0<br><strong><strong>Ana Pinheiro<\/strong>\u202f\u2013 <\/strong><a rel=\"noreferrer noopener\" href=\"http:\/\/esepf.pt\/\" target=\"_blank\">Escola Superior de Educa\u00e7\u00e3o de Paula Frassinetti<\/a>\u00a0<br><strong>Ana Teresa Brito &#8211;<a rel=\"noreferrer noopener\" href=\"https:\/\/www.ispa.pt\/\" target=\"_blank\">\u00a0<\/a><\/strong><a rel=\"noreferrer noopener\" href=\"https:\/\/www.ispa.pt\/\" target=\"_blank\">ISPA-Instituto Universit\u00e1rio\u00a0<\/a>|\u00a0<a rel=\"noreferrer noopener\" href=\"https:\/\/cie.ispa.pt\/\" target=\"_blank\"><\/a>|\u00a0<a rel=\"noreferrer noopener\" href=\"https:\/\/www.fundacaobgp.com\/pt\" target=\"_blank\">Funda\u00e7\u00e3o Brazelton Gomes-Pedro para as Ci\u00eancias do Beb\u00e9 e da Fam\u00edlia<\/a><br><strong>Bruno F. Gon\u00e7alves &#8211;<\/strong>\u00a0<a href=\"https:\/\/www.ese.ipb.pt\/\">Escola Superior de Educa\u00e7\u00e3o<\/a>\u00a0&#8211; Instituto Polit\u00e9cnico de Bragan\u00e7a<br><strong>Catarina Tom\u00e1s \u2013<\/strong>\u00a0<a rel=\"noreferrer noopener\" href=\"https:\/\/www.eselx.ipl.pt\/\" target=\"_blank\">Escola Superior de Educa\u00e7\u00e3o do Instituto Polit\u00e9cnico de Lisboa<\/a>\u00a0|\u00a0<a rel=\"noreferrer noopener\" href=\"https:\/\/www.cics.nova.fcsh.unl.pt\/\" target=\"_blank\">CICS.NOVA<\/a><br><strong>Cassandra Pontes &#8211;<\/strong>\u00a0<a rel=\"noreferrer noopener\" href=\"https:\/\/ufrj.br\/\" target=\"_blank\">Universidade Federal do Rio de Janeiro<\/a><br><strong>Carlos Neto &#8211;<\/strong>\u00a0<a rel=\"noreferrer noopener\" href=\"https:\/\/www.fmh.ulisboa.pt\/\" target=\"_blank\">Faculdade de Motricidade Humana da Universidade de Lisboa\u00a0<\/a><br><strong>Cristina Baeza Lopez\u00a0&#8211;<\/strong> <a href=\"https:\/\/www.ucm.es\/\">Universidad Complutense de Madrid\u00a0<\/a>|\u00a0<a href=\"https:\/\/www.uc3m.es\/Home\">Universidad Carlos III de Madrid\u00a0<\/a><br><strong>Cristina Parente &#8211;<\/strong>\u00a0<a rel=\"noreferrer noopener\" href=\"https:\/\/www.ie.uminho.pt\/pt\" target=\"_blank\">Instituto de Educa\u00e7\u00e3o &#8211; Universidade do Minho<\/a><br><strong>Cristina Mesquita &#8211;<\/strong>\u00a0<a rel=\"noreferrer noopener\" href=\"https:\/\/portal3.ipb.pt\/index.php\/pt\/\" target=\"_blank\">Instituto Polit\u00e9cnico de Bragan\u00e7a<\/a><strong><br><strong>Daniela Gon\u00e7alves<\/strong>\u202f\u2013 <\/strong><a rel=\"noreferrer noopener\" href=\"http:\/\/esepf.pt\/\" target=\"_blank\">Escola Superior de Educa\u00e7\u00e3o de Paula Frassinetti<\/a><strong><br><strong>Daniella Assemany<\/strong>\u202f\u2013 <\/strong><a rel=\"noreferrer noopener\" href=\"https:\/\/www.google.com\/url?sa=t&amp;rct=j&amp;q=&amp;esrc=s&amp;source=web&amp;cd=&amp;cad=rja&amp;uact=8&amp;ved=2ahUKEwiUgoPwpvb7AhXO34UKHU_7CJQQFnoECBMQAQ&amp;url=https%3A%2F%2Fufrj.br%2F&amp;usg=AOvVaw0QTa6udilsDLGiYiD1hL1X\" target=\"_blank\">Universidade Federal do Rio de Janeiro<\/a>\u202f| Grupo de Estudos e Pesquisas em Insubordina\u00e7\u00e3o Criativa<strong>\u202f\u00a0<\/strong><br><strong>Doerte Weltzien \u2013\u00a0<\/strong><a rel=\"noreferrer noopener\" href=\"https:\/\/www.eh-freiburg.de\/\" target=\"_blank\">Evangelische Hochschule Freiburg<\/a><br><strong>Eduardo Jos\u00e9 Fuentes Abeledo<\/strong> &#8211;<a rel=\"noreferrer noopener\" href=\"https:\/\/www.usc.gal\/en\" target=\"_blank\">\u00a0Universidade de Santiago de Compostela<\/a><br><strong>Elvira\u00a0Sanchez  \u2013<\/strong><a rel=\"noreferrer noopener\" href=\"https:\/\/www.google.com\/url?sa=t&amp;rct=j&amp;q=&amp;esrc=s&amp;source=web&amp;cd=&amp;cad=rja&amp;uact=8&amp;ved=2ahUKEwiB8aL9pvb7AhVNhc4BHXE6BwYQFnoECAwQAQ&amp;url=http%3A%2F%2Fwww.waece.org%2F&amp;usg=AOvVaw0lIjXTr0frI3BaolcxSOqi\" target=\"_blank\">  Asociaci\u00f3n Mundial de Educadores Infantiles<\/a>\u00a0 (AMEI-WAECE)<br><strong>Gabriela Trevisan &#8211;<\/strong>\u00a0<a rel=\"noreferrer noopener\" href=\"https:\/\/prochildcolab.pt\/\" target=\"_blank\">ProChild CoLab Against Poverty and Social Exclusion (ProChild CoLAB)<\/a><br><strong>Helena Serra Fernandes\u00a0\u2013<\/strong>\u00a0<a rel=\"noreferrer noopener\" href=\"https:\/\/www.dislex.co.pt\/\" target=\"_blank\">DISLEX<\/a>\u00a0(Associa\u00e7\u00e3o Portuguesa de Dislexia\u00a0|\u00a0<a rel=\"noreferrer noopener\" href=\"https:\/\/apcs.co.pt\/\" target=\"_blank\">APCS<\/a>\u00a0(Associa\u00e7\u00e3o Portuguesa de Crian\u00e7as Sobredotadas |\u00a0<a rel=\"noreferrer noopener\" href=\"http:\/\/esepf.pt\/\" target=\"_blank\">Escola Superior de Educa\u00e7\u00e3o de Paula Frassinetti<\/a><br><strong>Isabel Dans \u00c1lvarez De Sotomayor\u00a0&#8211;<\/strong>\u00a0<a rel=\"noreferrer noopener\" href=\"https:\/\/www.usc.gal\/es\" target=\"_blank\">Universidade de Santiago de Compostela<\/a><br><strong>Isilda Maria dos Santos Braga da Costa Monteiro &#8211;<\/strong>\u00a0<a rel=\"noreferrer noopener\" href=\"https:\/\/esepf.pt\/\" target=\"_blank\">Escola Superior de Educa\u00e7\u00e3o de Paula Frassinetti<\/a><br><strong>Jailson Raulino\u00a0&#8211;<\/strong>\u00a0<a rel=\"noreferrer noopener\" href=\"https:\/\/www.ufpe.br\/\" target=\"_blank\">Universidade Federal de Pernambuco &#8211; UFPE<\/a><br><strong>Jo\u00e3o Miguel Teixeira Lopes \u2013<\/strong>\u00a0<a rel=\"noreferrer noopener\" href=\"https:\/\/sigarra.up.pt\/flup\/pt\/uni_geral.unidade_view?pv_unidade=44\" target=\"_blank\">Departamento de Sociologia da FLUP<\/a>\u00a0|\u00a0<a rel=\"noreferrer noopener\" href=\"https:\/\/isociologia.up.pt\/\" target=\"_blank\">Instituto de Sociologia da UP<\/a><br><strong>Jos\u00e9 Alexis Alonso Sanchez &#8211;<\/strong>\u00a0<a rel=\"noreferrer noopener\" href=\"https:\/\/www.ulpgc.es\/\" target=\"_blank\">UNIVERSIDAD DE LAS PALMAS DE GRAN CANARIA<\/a><br><strong>Juan Benito Martinez\u00a0&#8211;<\/strong>\u00a0<a href=\"https:\/\/www.um.es\/\">Universidad de Murcia<\/a><br><strong>Juliana Canga &#8211;\u00a0<\/strong>Faculdade de Servi\u00e7o Social \u2013 Universidade de Angola<br><strong>Leanete Thomas Dotta\u00a0&#8211;<\/strong>\u00a0<a rel=\"noreferrer noopener\" href=\"https:\/\/www.ulusofona.pt\/\" target=\"_blank\">Universidade Lus\u00f3fona\u00a0<\/a><br><strong>Lenira Haddad &#8211;<\/strong> <a rel=\"noreferrer noopener\" href=\"https:\/\/ufal.br\" target=\"_blank\">Universidade Federal de Alagoas<\/a><br><strong>Luis Carlos\u00a0Granja-Escobar &#8211;<\/strong>\u00a0<a href=\"https:\/\/www.usc.edu.co\/\">Universidad Santiago de Cali<\/a><br><strong>Jes\u00fas Rodr\u00edguez Rodr\u00edguez &#8211;<\/strong>\u00a0<a rel=\"noreferrer noopener\" href=\"https:\/\/www.usc.gal\/en\" target=\"_blank\">Universidade de Santiago de Compostela<\/a><br><strong>J\u00falio Santos \u2013<\/strong>\u00a0<a rel=\"noreferrer noopener\" href=\"https:\/\/esepf.pt\/\" target=\"_blank\">Escola Superior de Educa\u00e7\u00e3o de Paula Frassinetti<\/a>\u00a0<br><strong>Louise Lima &#8211;<\/strong>\u00a0Investigadora do\u00a0<a rel=\"noreferrer noopener\" href=\"https:\/\/www.fpce.up.pt\/ciie\/\" target=\"_blank\">Centro de Investiga\u00e7\u00e3o e Interven\u00e7\u00e3o Educativas<\/a>\u00a0(CIIE)<br><strong>M\u00e1rio Azevedo \u2013<\/strong>\u00a0<a rel=\"noreferrer noopener\" href=\"https:\/\/www.esmae.ipp.pt\/\" target=\"_blank\">ESMAE\/Instituto Polit\u00e9cnico do Porto<\/a>\u00a0|\u00a0<a rel=\"noreferrer noopener\" href=\"https:\/\/i2ads.up.pt\/en\/\" target=\"_blank\">I2ADS \u2013 Instituto\u00a0em Artes, Design e Sociedade FBAUP \u2013 UP<\/a><br><strong>Maria Constanza Cano &#8211;<\/strong>\u00a0<a href=\"https:\/\/www.usc.edu.co\/\">Universidad Santiago de Cali<\/a><br><strong>Maria Cristina Vieira da Silva &#8211;<\/strong>\u00a0\u00a0<a rel=\"noreferrer noopener\" href=\"https:\/\/esepf.pt\/\" target=\"_blank\">Escola Superior de Educa\u00e7\u00e3o de Paula Frassinetti<\/a><br><strong>Maria Em\u00edlia Nabuco \u2013\u00a0<\/strong><a rel=\"noreferrer noopener\" href=\"https:\/\/www.eselx.ipl.pt\/\" target=\"_blank\">Escola Superior de Educa\u00e7\u00e3o de Lisboa<\/a>\u00a0(Professora Coordenadora Aposentada)<br><strong>Mar\u00eda Isabel Moci\u00f1o Gonz\u00e1lez &#8211;<\/strong>\u00a0<a rel=\"noreferrer noopener\" href=\"https:\/\/www.uvigo.gal\/\" target=\"_blank\">Universidade de Vigo<\/a><strong><br><strong>Maria Jes\u00fas V\u00edton<\/strong>\u202f\u2013\u202f<\/strong><a rel=\"noreferrer noopener\" href=\"https:\/\/www.google.com\/url?sa=t&amp;rct=j&amp;q=&amp;esrc=s&amp;source=web&amp;cd=&amp;cad=rja&amp;uact=8&amp;ved=2ahUKEwiei6-Ip_b7AhUDgc4BHTzDBosQFnoECBYQAQ&amp;url=https%3A%2F%2Fwww.uam.es%2Fuam%2Fen%2Finicio&amp;usg=AOvVaw2Y8a_GBlmkMnY1Detkd-kz\" target=\"_blank\">Universidade Aut\u00f3noma de Madrid<\/a> | Grupo de investiga\u00e7\u00e3o SIeP | Instituto Universitario de Estudios de la mujer (UAM) | ASODIPSE- Asociaci\u00f3n<strong> <\/strong>para el desarrollo Integral de las Personas con capacidades especiales | Comisi\u00f3n de Derechos Humanos Hispano-Guatemalteca CDHHG\u00a0<br><strong>Maria\u00a0Montserrat Castro Rodrigues<\/strong> <strong>\u2013<\/strong>\u00a0<a rel=\"noreferrer noopener\" href=\"https:\/\/www.udc.es\/en\/\" target=\"_blank\">Universidade da\u00a0Coru\u00f1a<\/a><br><strong>Mar\u00eda Victoria Carrera Fern\u00e1ndez &#8211;<\/strong>\u00a0<a rel=\"noreferrer noopener\" href=\"https:\/\/www.uvigo.gal\/\" target=\"_blank\">Universidade de Vigo<\/a><br><strong>Marilena\u00a0C. F. de Jesus \u2013<\/strong>\u00a0<a rel=\"noreferrer noopener\" href=\"https:\/\/www.projetoaraca.org.br\/\" target=\"_blank\">Centro Cultural Ara\u00e7\u00e1-S\u00e3o Mateus<\/a>-ES, LabEA (Laborat\u00f3rio de Educa\u00e7\u00e3o Ambiental do Ceunes) |\u00a0Ufes (Centro Universit\u00e1rio Norte do Estado do Esp\u00edrito Santo, S\u00e3o Mateus \u2013 ES\u2013<a rel=\"noreferrer noopener\" href=\"https:\/\/www.ufes.br\/\" target=\"_blank\">Universidade Federal do Esp\u00edrito Santo<\/a>)<br><strong>Margarida Quinta e Costa &#8211;<\/strong>\u00a0<a rel=\"noreferrer noopener\" class=\"\" href=\"https:\/\/esepf.pt\/\" target=\"_blank\">Escola Superior de Educa\u00e7\u00e3o de Paula Frassinetti<\/a><br><strong>Miguel Prata Gomes &#8211;<\/strong>\u00a0<a rel=\"noreferrer noopener\" href=\"https:\/\/esepf.pt\/\" target=\"_blank\">Escola Superior de Educa\u00e7\u00e3o de Paula Frassinetti<\/a><br><strong>M\u00f3nica Cristina Nogueira Soares &#8211;<\/strong>\u00a0\u00a0<a rel=\"noreferrer noopener\" href=\"https:\/\/esepf.pt\/\" target=\"_blank\">Escola Superior de Educa\u00e7\u00e3o de Paula Frassinetti<\/a><br><strong>M\u00f3nica Oliveira \u2013<\/strong>\u00a0<a rel=\"noreferrer noopener\" href=\"http:\/\/esepf.pt\/\" target=\"_blank\">Escola Superior de Educa\u00e7\u00e3o de Paula Frassinetti<\/a><br><strong>Nerea Rodr\u00edguez Regueira &#8211;<\/strong>\u00a0<a href=\"http:\/\/www.edu.xunta.gal\/centros\/ceipcanicouva\/\">CEIP Canicouva de Vigo<\/a>\u00a0|\u00a0<a href=\"https:\/\/investigacion.usc.gal\/grupos\/4578\/lineas\">Grupo de investiga\u00e7\u00e3o Stellae da USC\u00a0<\/a><br><strong>Pablo C\u00e9sar Mu\u00f1oz Carril\u00a0<\/strong>\u2013\u00a0<a rel=\"noreferrer noopener\" href=\"https:\/\/www.usc.gal\/es\" target=\"_blank\">Universidade de Santiago de Compostela<\/a><br><strong>Paula Figueiras Carqueja &#8211;<\/strong>\u00a0<a rel=\"noreferrer noopener\" href=\"https:\/\/anprofessores.pt\/\" target=\"_blank\">Associa\u00e7\u00e3o Nacional de Professores<\/a><br><strong><strong>Paula Pequito<\/strong>\u202f\u2013 <\/strong><a rel=\"noreferrer noopener\" href=\"http:\/\/esepf.pt\/\" target=\"_blank\">Escola Superior de Educa\u00e7\u00e3o de Paula Frassinetti<\/a><br><strong>Paula Medeiros<\/strong> <strong>\u2013<\/strong>\u00a0<a rel=\"noreferrer noopener\" href=\"http:\/\/esepf.pt\/\" target=\"_blank\">Escola Superior de Educa\u00e7\u00e3o de Paula Frassinetti<\/a><br><strong>Paulo Dias \u2013<\/strong>\u00a0<a rel=\"noreferrer noopener\" href=\"https:\/\/portal.uab.pt\/\" target=\"_blank\">Universidade Aberta<\/a><br><strong>Paulo Fochi &#8211;<\/strong>\u00a0<a rel=\"noreferrer noopener\" href=\"https:\/\/www.unisinos.br\/\" target=\"_blank\">Unisinos<\/a><br><strong>Rosa Maria Diaz Jimenez\u00a0&#8211;<\/strong><a href=\"https:\/\/www.upo.es\/facultad-ciencias-sociales\/es\/\">\u00a0Universidad Pablo de Olavide<\/a><br><strong>Rui Ramalho &#8211;<\/strong>\u00a0<a rel=\"noreferrer noopener\" href=\"https:\/\/esepf.pt\/\" target=\"_blank\">Escola Superior de Educa\u00e7\u00e3o de Paula Frassinetti<\/a><br><strong>S\u00edlvia Ber\u00e9ny \u2013\u00a0<\/strong><a rel=\"noreferrer noopener\" href=\"http:\/\/www.osmope.pt\/\" target=\"_blank\">OSMOPE<\/a><br><strong>Silvia L\u00f3pez G\u00f3mez &#8211;<\/strong>\u00a0<a rel=\"noreferrer noopener\" href=\"https:\/\/www.usc.gal\/gl\" target=\"_blank\">Universidade de Santiago de Compostela<\/a>\u00a0(USC)<br><strong>Sofia Herrero &#8211;<\/strong><a href=\"https:\/\/www.uji.es\/\">\u00a0Universidad Jaime I<\/a><br><strong>Yakup Yildirim &#8211;<\/strong>\u00a0<a rel=\"noreferrer noopener\" href=\"https:\/\/eng.akdeniz.edu.tr\/\" target=\"_blank\">Akdeniz University<\/a>\u00a0<\/p>\n\n\n\n<h6 class=\"has-text-align-center has-vivid-cyan-blue-color has-text-color\" id=\"equipa-tecnica-e-de-secretariado\">Equipa t\u00e9cnica e de secretariado<\/h6>\n\n\n\n<p style=\"font-size:12px\"><strong>Daniela Costa<br>Elisabete Melo<br>L\u00facia Machado<br>Patr\u00edcia Maia<br>Paulo Machado<br>Susana Anacleto<\/strong><br><\/p>\n\n\n\n<p><\/p>\n\n\n\n<p><\/p>\n\n\n\n<p><\/p>\n","protected":false},"excerpt":{"rendered":"<p>II Congresso Internacional OFEI Comiss\u00e3o organizadora Paula Pequito\u202f\u2013 Escola Superior de Educa\u00e7\u00e3o de Paula FrassinettiAna Lu\u00edsa Ferreira \u2013&nbsp;Escola Superior de Educa\u00e7\u00e3o de Paula FrassinettiAna Pinheiro\u202f\u2013 Escola Superior de Educa\u00e7\u00e3o de Paula FrassinettiDaniela Gon\u00e7alves\u202f\u2013 Escola Superior de Educa\u00e7\u00e3o de Paula FrassinettiDaniella Assemany\u202f\u2013 Universidade Federal do Rio de Janeiro\u202f| Grupo de Estudos e Pesquisas em Insubordina\u00e7\u00e3o Criativa\u202f&nbsp;Elvira&nbsp;Sanchez [&hellip;]<\/p>\n","protected":false},"author":1,"featured_media":0,"parent":0,"menu_order":0,"comment_status":"closed","ping_status":"closed","template":"right-sidebar.php","meta":{"_uag_custom_page_level_css":"","ghostkit_customizer_options":"","ghostkit_custom_css":"","ghostkit_custom_js_head":"","ghostkit_custom_js_foot":"","ghostkit_typography":"","cybocfi_hide_featured_image":""},"uagb_featured_image_src":{"full":false,"thumbnail":false,"medium":false,"medium_large":false,"large":false,"thumblist":false,"meccarouselthumb":false,"gridsquare":false,"tileview":false,"1536x1536":false,"2048x2048":false},"uagb_author_info":{"display_name":"SGRI","author_link":"https:\/\/ofei.esepf.pt\/?author=1"},"uagb_comment_info":0,"uagb_excerpt":"II Congresso Internacional OFEI Comiss\u00e3o organizadora Paula Pequito\u202f\u2013 Escola Superior de Educa\u00e7\u00e3o de Paula FrassinettiAna Lu\u00edsa Ferreira \u2013&nbsp;Escola Superior de Educa\u00e7\u00e3o de Paula FrassinettiAna Pinheiro\u202f\u2013 Escola Superior de Educa\u00e7\u00e3o de Paula FrassinettiDaniela Gon\u00e7alves\u202f\u2013 Escola Superior de Educa\u00e7\u00e3o de Paula FrassinettiDaniella Assemany\u202f\u2013 Universidade Federal do Rio de Janeiro\u202f| Grupo de Estudos e Pesquisas em Insubordina\u00e7\u00e3o Criativa\u202f&nbsp;Elvira&nbsp;Sanchez&hellip;","_links":{"self":[{"href":"https:\/\/ofei.esepf.pt\/index.php?rest_route=\/wp\/v2\/pages\/2730"}],"collection":[{"href":"https:\/\/ofei.esepf.pt\/index.php?rest_route=\/wp\/v2\/pages"}],"about":[{"href":"https:\/\/ofei.esepf.pt\/index.php?rest_route=\/wp\/v2\/types\/page"}],"author":[{"embeddable":true,"href":"https:\/\/ofei.esepf.pt\/index.php?rest_route=\/wp\/v2\/users\/1"}],"replies":[{"embeddable":true,"href":"https:\/\/ofei.esepf.pt\/index.php?rest_route=%2Fwp%2Fv2%2Fcomments&post=2730"}],"version-history":[{"count":18,"href":"https:\/\/ofei.esepf.pt\/index.php?rest_route=\/wp\/v2\/pages\/2730\/revisions"}],"predecessor-version":[{"id":3294,"href":"https:\/\/ofei.esepf.pt\/index.php?rest_route=\/wp\/v2\/pages\/2730\/revisions\/3294"}],"wp:attachment":[{"href":"https:\/\/ofei.esepf.pt\/index.php?rest_route=%2Fwp%2Fv2%2Fmedia&parent=2730"}],"curies":[{"name":"wp","href":"https:\/\/api.w.org\/{rel}","templated":true}]}}