{"id":534,"date":"2020-12-17T18:11:01","date_gmt":"2020-12-17T18:11:01","guid":{"rendered":"https:\/\/ofei.esepf.pt\/?page_id=534"},"modified":"2021-05-19T08:27:37","modified_gmt":"2021-05-19T08:27:37","slug":"semana-da-infancia","status":"publish","type":"page","link":"https:\/\/ofei.esepf.pt\/?page_id=534","title":{"rendered":"Semana da Inf\u00e2ncia"},"content":{"rendered":"\n<div class=\"ghostkit-grid ghostkit-grid-gap-md\"><div class=\"ghostkit-grid-inner\">\n<div class=\"ghostkit-col ghostkit-col-md-12 ghostkit-col-6\"><div class=\"ghostkit-col-content\">\n<h4 class=\"has-text-align-center\">I Congresso Internacional OFEI<\/h4>\n\n\n\n<hr class=\"wp-block-separator has-text-color has-background has-vivid-cyan-blue-background-color has-vivid-cyan-blue-color\"\/>\n\n\n\n<p>O I Congresso OFEI \u00e9 um evento cient\u00edfico do Observat\u00f3rio para o Futuro da Educa\u00e7\u00e3o de Inf\u00e2ncia da Escola Superior de Educa\u00e7\u00e3o de Paula Frassinetti. Realiza-se nos dias 24, 26 e 28 de maio de 2021 e tem como objetivos:<\/p>\n\n\n\n<ul><li>Perspetivar o futuro da Educa\u00e7\u00e3o de Inf\u00e2ncia a partir dos contextos culturais e sociais atuais;<\/li><li>Promover sinergias entre a investiga\u00e7\u00e3o e as pr\u00e1ticas;<\/li><li>Criar espa\u00e7os de inova\u00e7\u00e3o pedag\u00f3gica<\/li><\/ul>\n\n\n\n<p class=\"has-background\" style=\"background-color:#eceeef\">O 1\u00ba Congresso Internacional OFEI est\u00e1 acreditado pelo Conselho Cient\u00edfico-Pedag\u00f3gico da Forma\u00e7\u00e3o Cont\u00ednua (CCPFC) \u2013 12h \u2013 Professores dos Grupos 100, 110, 910, 920, 930&nbsp;(releva para a dimens\u00e3o cient\u00edfica e pedag\u00f3gica &#8211; artigo 9.\u00ba RJFCP).<br>Ao inscrever-se, assinale se pretender\u00e1 certificado de Curso de Forma\u00e7\u00e3o \u2013 Col\u00f3quios, Congressos, Simp\u00f3sios, Jornadas e Iniciativas Cong\u00e9neres acreditado pelo Conselho Cient\u00edfico-Pedag\u00f3gico da Forma\u00e7\u00e3o Cont\u00ednua.<\/p>\n\n\n\n<p><\/p>\n\n\n\n<p>Parceiros:<\/p>\n\n\n\n<div class=\"ghostkit-carousel\" data-effect=\"slide\" data-speed=\"0.4\" data-autoplay=\"0.6\" data-slides-per-view=\"4\" data-centered-slides=\"true\" data-loop=\"true\" data-free-scroll=\"false\" data-show-arrows=\"true\" data-show-bullets=\"true\" data-dynamic-bullets=\"true\" data-gap=\"15\"><div class=\"ghostkit-carousel-items\">\n<div class=\"ghostkit-carousel-slide\">\n<div class=\"wp-block-image\"><figure class=\"aligncenter size-large is-resized\"><a href=\"https:\/\/www.esepf.pt\" target=\"_blank\" rel=\"noopener noreferrer\"><img decoding=\"async\" loading=\"lazy\" src=\"https:\/\/ofei.esepf.pt\/wp-content\/uploads\/2020\/06\/logo_esepf-01-1024x228.png\" alt=\"\" class=\"wp-image-52\" width=\"296\" height=\"66\" srcset=\"https:\/\/ofei.esepf.pt\/wp-content\/uploads\/2020\/06\/logo_esepf-01-1024x228.png 1024w, https:\/\/ofei.esepf.pt\/wp-content\/uploads\/2020\/06\/logo_esepf-01-300x67.png 300w, https:\/\/ofei.esepf.pt\/wp-content\/uploads\/2020\/06\/logo_esepf-01-768x171.png 768w, https:\/\/ofei.esepf.pt\/wp-content\/uploads\/2020\/06\/logo_esepf-01.png 1181w\" sizes=\"(max-width: 296px) 100vw, 296px\" \/><\/a><\/figure><\/div>\n<\/div>\n\n\n\n<div class=\"ghostkit-carousel-slide\">\n<figure class=\"wp-block-image size-large\"><img decoding=\"async\" loading=\"lazy\" width=\"1024\" height=\"211\" src=\"https:\/\/ofei.esepf.pt\/wp-content\/uploads\/2020\/08\/Ativo-2-1024x211.png\" alt=\"\" class=\"wp-image-336\" srcset=\"https:\/\/ofei.esepf.pt\/wp-content\/uploads\/2020\/08\/Ativo-2-1024x211.png 1024w, https:\/\/ofei.esepf.pt\/wp-content\/uploads\/2020\/08\/Ativo-2-300x62.png 300w, https:\/\/ofei.esepf.pt\/wp-content\/uploads\/2020\/08\/Ativo-2-768x159.png 768w, https:\/\/ofei.esepf.pt\/wp-content\/uploads\/2020\/08\/Ativo-2-1536x317.png 1536w, https:\/\/ofei.esepf.pt\/wp-content\/uploads\/2020\/08\/Ativo-2-2048x423.png 2048w\" sizes=\"(max-width: 1024px) 100vw, 1024px\" \/><\/figure>\n<\/div>\n\n\n\n<div class=\"ghostkit-carousel-slide\">\n<figure class=\"wp-block-image size-large\"><img decoding=\"async\" loading=\"lazy\" width=\"773\" height=\"199\" src=\"https:\/\/ofei.esepf.pt\/wp-content\/uploads\/2021\/01\/Ativo-21-e1610623549862.png\" alt=\"\" class=\"wp-image-707\" srcset=\"https:\/\/ofei.esepf.pt\/wp-content\/uploads\/2021\/01\/Ativo-21-e1610623549862.png 773w, https:\/\/ofei.esepf.pt\/wp-content\/uploads\/2021\/01\/Ativo-21-e1610623549862-300x77.png 300w, https:\/\/ofei.esepf.pt\/wp-content\/uploads\/2021\/01\/Ativo-21-e1610623549862-768x198.png 768w\" sizes=\"(max-width: 773px) 100vw, 773px\" \/><\/figure>\n<\/div>\n\n\n\n<div class=\"ghostkit-carousel-slide\">\n<figure class=\"wp-block-image size-large\"><img decoding=\"async\" loading=\"lazy\" width=\"459\" height=\"195\" src=\"https:\/\/ofei.esepf.pt\/wp-content\/uploads\/2021\/01\/OMSN_associacao_LOGO-OMSN-horizontal.png\" alt=\"\" class=\"wp-image-834\" srcset=\"https:\/\/ofei.esepf.pt\/wp-content\/uploads\/2021\/01\/OMSN_associacao_LOGO-OMSN-horizontal.png 459w, https:\/\/ofei.esepf.pt\/wp-content\/uploads\/2021\/01\/OMSN_associacao_LOGO-OMSN-horizontal-300x127.png 300w\" sizes=\"(max-width: 459px) 100vw, 459px\" \/><\/figure>\n<\/div>\n\n\n\n<div class=\"ghostkit-carousel-slide\">\n<figure class=\"wp-block-image size-large\"><img decoding=\"async\" loading=\"lazy\" width=\"842\" height=\"304\" src=\"https:\/\/ofei.esepf.pt\/wp-content\/uploads\/2021\/03\/FBGP-logotipo-300dpi.png\" alt=\"\" class=\"wp-image-1040\" srcset=\"https:\/\/ofei.esepf.pt\/wp-content\/uploads\/2021\/03\/FBGP-logotipo-300dpi.png 842w, https:\/\/ofei.esepf.pt\/wp-content\/uploads\/2021\/03\/FBGP-logotipo-300dpi-300x108.png 300w, https:\/\/ofei.esepf.pt\/wp-content\/uploads\/2021\/03\/FBGP-logotipo-300dpi-768x277.png 768w\" sizes=\"(max-width: 842px) 100vw, 842px\" \/><\/figure>\n<\/div>\n\n\n\n<div class=\"ghostkit-carousel-slide\">\n<figure class=\"wp-block-image size-large is-resized\"><img decoding=\"async\" loading=\"lazy\" src=\"https:\/\/ofei.esepf.pt\/wp-content\/uploads\/2021\/03\/ACPEEP.png\" alt=\"\" class=\"wp-image-1108\" width=\"221\" height=\"96\" srcset=\"https:\/\/ofei.esepf.pt\/wp-content\/uploads\/2021\/03\/ACPEEP.png 340w, https:\/\/ofei.esepf.pt\/wp-content\/uploads\/2021\/03\/ACPEEP-300x131.png 300w\" sizes=\"(max-width: 221px) 100vw, 221px\" \/><\/figure>\n<\/div>\n\n\n\n<div class=\"ghostkit-carousel-slide\">\n<figure class=\"wp-block-image size-large is-resized\"><img decoding=\"async\" loading=\"lazy\" src=\"https:\/\/ofei.esepf.pt\/wp-content\/uploads\/2021\/03\/Apeduc1.png\" alt=\"\" class=\"wp-image-1109\" width=\"196\" height=\"109\" srcset=\"https:\/\/ofei.esepf.pt\/wp-content\/uploads\/2021\/03\/Apeduc1.png 378w, https:\/\/ofei.esepf.pt\/wp-content\/uploads\/2021\/03\/Apeduc1-300x167.png 300w\" sizes=\"(max-width: 196px) 100vw, 196px\" \/><\/figure>\n<\/div>\n\n\n\n<div class=\"ghostkit-carousel-slide\">\n<figure class=\"wp-block-image size-large is-resized\"><img decoding=\"async\" loading=\"lazy\" src=\"https:\/\/ofei.esepf.pt\/wp-content\/uploads\/2021\/03\/miminhos1.png\" alt=\"\" class=\"wp-image-1110\" width=\"181\" height=\"140\" srcset=\"https:\/\/ofei.esepf.pt\/wp-content\/uploads\/2021\/03\/miminhos1.png 807w, https:\/\/ofei.esepf.pt\/wp-content\/uploads\/2021\/03\/miminhos1-300x233.png 300w, https:\/\/ofei.esepf.pt\/wp-content\/uploads\/2021\/03\/miminhos1-768x596.png 768w\" sizes=\"(max-width: 181px) 100vw, 181px\" \/><\/figure>\n<\/div>\n\n\n\n<div class=\"ghostkit-carousel-slide\">\n<figure class=\"wp-block-image size-large\"><img decoding=\"async\" loading=\"lazy\" width=\"806\" height=\"197\" src=\"https:\/\/ofei.esepf.pt\/wp-content\/uploads\/2021\/03\/logo-APEI_Cores.jpg\" alt=\"\" class=\"wp-image-1111\" srcset=\"https:\/\/ofei.esepf.pt\/wp-content\/uploads\/2021\/03\/logo-APEI_Cores.jpg 806w, https:\/\/ofei.esepf.pt\/wp-content\/uploads\/2021\/03\/logo-APEI_Cores-300x73.jpg 300w, https:\/\/ofei.esepf.pt\/wp-content\/uploads\/2021\/03\/logo-APEI_Cores-768x188.jpg 768w\" sizes=\"(max-width: 806px) 100vw, 806px\" \/><\/figure>\n<\/div>\n\n\n\n<div class=\"ghostkit-carousel-slide\">\n<figure class=\"wp-block-image size-large is-resized\"><img decoding=\"async\" loading=\"lazy\" src=\"https:\/\/ofei.esepf.pt\/wp-content\/uploads\/2021\/03\/logo_amei.jpg\" alt=\"\" class=\"wp-image-1112\" width=\"136\" height=\"199\" srcset=\"https:\/\/ofei.esepf.pt\/wp-content\/uploads\/2021\/03\/logo_amei.jpg 468w, https:\/\/ofei.esepf.pt\/wp-content\/uploads\/2021\/03\/logo_amei-205x300.jpg 205w\" sizes=\"(max-width: 136px) 100vw, 136px\" \/><\/figure>\n<\/div>\n\n\n\n<div class=\"ghostkit-carousel-slide\">\n<figure class=\"wp-block-image size-large is-resized\"><img decoding=\"async\" loading=\"lazy\" src=\"https:\/\/ofei.esepf.pt\/wp-content\/uploads\/2021\/03\/Unknown.jpg\" alt=\"\" class=\"wp-image-1113\" width=\"142\" height=\"180\"\/><\/figure>\n<\/div>\n\n\n\n<div class=\"ghostkit-carousel-slide\">\n<figure class=\"wp-block-image size-large\"><img decoding=\"async\" loading=\"lazy\" width=\"1024\" height=\"531\" src=\"https:\/\/ofei.esepf.pt\/wp-content\/uploads\/2021\/02\/logo-sem-fundo-1024x531.png\" alt=\"\" class=\"wp-image-943\" srcset=\"https:\/\/ofei.esepf.pt\/wp-content\/uploads\/2021\/02\/logo-sem-fundo-1024x531.png 1024w, https:\/\/ofei.esepf.pt\/wp-content\/uploads\/2021\/02\/logo-sem-fundo-300x156.png 300w, https:\/\/ofei.esepf.pt\/wp-content\/uploads\/2021\/02\/logo-sem-fundo-768x398.png 768w, https:\/\/ofei.esepf.pt\/wp-content\/uploads\/2021\/02\/logo-sem-fundo-1536x797.png 1536w, https:\/\/ofei.esepf.pt\/wp-content\/uploads\/2021\/02\/logo-sem-fundo-2048x1063.png 2048w\" sizes=\"(max-width: 1024px) 100vw, 1024px\" \/><\/figure>\n<\/div>\n\n\n\n<div class=\"ghostkit-carousel-slide\">\n<div class=\"wp-block-image\"><figure class=\"aligncenter size-large is-resized\"><img decoding=\"async\" loading=\"lazy\" src=\"https:\/\/ofei.esepf.pt\/wp-content\/uploads\/2021\/04\/Minerva_UFRJ_Oficial.png\" alt=\"\" class=\"wp-image-1312\" width=\"53\" height=\"78\" srcset=\"https:\/\/ofei.esepf.pt\/wp-content\/uploads\/2021\/04\/Minerva_UFRJ_Oficial.png 354w, https:\/\/ofei.esepf.pt\/wp-content\/uploads\/2021\/04\/Minerva_UFRJ_Oficial-204x300.png 204w\" sizes=\"(max-width: 53px) 100vw, 53px\" \/><\/figure><\/div>\n<\/div>\n\n\n\n<div class=\"ghostkit-carousel-slide\">\n<div class=\"wp-block-image\"><figure class=\"aligncenter size-large is-resized\"><img decoding=\"async\" loading=\"lazy\" src=\"https:\/\/ofei.esepf.pt\/wp-content\/uploads\/2021\/04\/Noticias-Cultura-Camara-Municipal-do-Porto.png\" alt=\"\" class=\"wp-image-1576\" width=\"87\" height=\"45\" srcset=\"https:\/\/ofei.esepf.pt\/wp-content\/uploads\/2021\/04\/Noticias-Cultura-Camara-Municipal-do-Porto.png 307w, https:\/\/ofei.esepf.pt\/wp-content\/uploads\/2021\/04\/Noticias-Cultura-Camara-Municipal-do-Porto-300x159.png 300w\" sizes=\"(max-width: 87px) 100vw, 87px\" \/><\/figure><\/div>\n<\/div>\n<\/div><div class=\"ghostkit-carousel-arrow-prev-icon\"><svg class=\"ghostkit-svg-icon\" width=\"24\" height=\"24\" viewBox=\"0 0 24 24\" fill=\"none\" xmlns=\"http:\/\/www.w3.org\/2000\/svg\"><path fill-rule=\"evenodd\" clip-rule=\"evenodd\" d=\"M14.7803 17.7803C14.4874 18.0732 14.0126 18.0732 13.7197 17.7803L8.4697 12.5303C8.1768 12.2374 8.1768 11.7626 8.4697 11.4697L13.7197 6.21967C14.0126 5.92678 14.4874 5.92678 14.7803 6.21967C15.0732 6.51256 15.0732 6.98744 14.7803 7.28033L10.0607 12L14.7803 16.7197C15.0732 17.0126 15.0732 17.4874 14.7803 17.7803Z\" fill=\"currentColor\"\/><\/svg><\/div><div class=\"ghostkit-carousel-arrow-next-icon\"><svg class=\"ghostkit-svg-icon\" width=\"24\" height=\"24\" viewBox=\"0 0 24 24\" fill=\"none\" xmlns=\"http:\/\/www.w3.org\/2000\/svg\"><path fill-rule=\"evenodd\" clip-rule=\"evenodd\" d=\"M9.21967 6.2197C9.51256 5.9268 9.98744 5.9268 10.2803 6.2197L15.5303 11.4697C15.8232 11.7626 15.8232 12.2374 15.5303 12.5303L10.2803 17.7803C9.98744 18.0732 9.51256 18.0732 9.21967 17.7803C8.92678 17.4874 8.92678 17.0126 9.21967 16.7197L13.9393 12L9.21967 7.2803C8.92678 6.9874 8.92678 6.5126 9.21967 6.2197Z\" fill=\"currentColor\"\/><\/svg><\/div><\/div>\n\n\n\n<hr class=\"wp-block-separator\"\/>\n\n\n\n<p class=\"has-vivid-cyan-blue-color has-text-color\">Pre\u00e7os:<\/p>\n\n\n\n<p><strong>Inscri\u00e7\u00e3o de autores:<\/strong><br><s>At\u00e9 10 de maio &#8211; 80\u20ac<\/s><\/p>\n\n\n\n<p><strong>Restantes inscri\u00e7\u00f5es:<\/strong><br><s>At\u00e9 15 abril &#8211; 80\u20ac\u00a0<\/s><br><s>At\u00e9 27 abril\u00a0&#8211; 100\u20ac<\/s><br><s>At\u00e9 18\u00a0de maio &#8211; 120\u20ac\u00a0<\/s><\/p>\n\n\n\n<p>Pagamento: <em>PayPal <\/em>ou Transfer\u00eancia Banc\u00e1ria<\/p>\n\n\n\n<div class=\"ghostkit-button-wrapper ghostkit-button-wrapper-gap-md ghostkit-button-wrapper-align-center\"><div class=\"ghostkit-button-wrapper-inner\">\n<a class=\"ghostkit-button ghostkit-button-md ghostkit-custom-Z2mSnJ2\" href=\"https:\/\/ofei.esepf.pt\/?page_id=44\" target=\"_blank\" rel=\"noreferrer noopener\"><span class=\"ghostkit-button-text\">Veja e encomende as publica\u00e7\u00f5es do OFEI <\/span><\/a>\n<\/div><\/div>\n<\/div><\/div>\n\n\n\n<div class=\"ghostkit-col ghostkit-col-md-12 ghostkit-col-6\"><div class=\"ghostkit-col-content\">\n<h4 class=\"has-text-align-center\">Congresso Internacional \u00c1frica pela Inf\u00e2ncia&nbsp;<\/h4>\n\n\n\n<p class=\"has-text-align-center\"><a rel=\"noreferrer noopener\" href=\"https:\/\/www.fecongd.org\/project\/tchovar\/\" target=\"_blank\"><strong>Tchovar&nbsp;| <\/strong>Empurrar pela educa\u00e7\u00e3o de inf\u00e2ncia nos bairros de Maputo<\/a><\/p>\n\n\n\n<hr class=\"wp-block-separator has-text-color has-background has-luminous-vivid-amber-background-color has-luminous-vivid-amber-color\"\/>\n\n\n\n<p>O Congresso Internacional \u00c1frica pela Inf\u00e2ncia resulta de uma organiza\u00e7\u00e3o conjunta da <a rel=\"noreferrer noopener\" href=\"https:\/\/www.esepf.pt\" target=\"_blank\">Escola Superior de Educa\u00e7\u00e3o de Paula Frassinetti<\/a>, atrav\u00e9s do Observat\u00f3rio para o Futuro da Educa\u00e7\u00e3o de Inf\u00e2ncia, da <a rel=\"noreferrer noopener\" href=\"https:\/\/www.fecongd.org\/\" target=\"_blank\">Funda\u00e7\u00e3o F\u00e9 e Coopera\u00e7\u00e3o<\/a> e da <a rel=\"noreferrer noopener\" href=\"https:\/\/facep.up.ac.mz\/\" target=\"_blank\">Faculdade de Ci\u00eancias da Educa\u00e7\u00e3o e Psicologia da Universidade Pedag\u00f3gica<\/a>.<\/p>\n\n\n\n<p>Realiza-se nos dias 25 e 27 de maio de 2021 e tem como objetivos:<\/p>\n\n\n\n<ul><li>Promover a partilha de investiga\u00e7\u00f5es e projetos de interven\u00e7\u00e3o no \u00e2mbito da Educa\u00e7\u00e3o de Inf\u00e2ncia;&nbsp;<\/li><li>Apresentar realidades de Educa\u00e7\u00e3o&nbsp;de Inf\u00e2ncia diferenciadas;&nbsp;<\/li><li>Contribuir para a constru\u00e7\u00e3o de redes de interven\u00e7\u00e3o educativa entre diferentes pa\u00edses.&nbsp;<\/li><\/ul>\n\n\n\n<figure class=\"is-layout-flex wp-block-gallery-1 wp-block-gallery columns-1 is-cropped\"><ul class=\"blocks-gallery-grid\"><li class=\"blocks-gallery-item\"><figure><img decoding=\"async\" loading=\"lazy\" width=\"1024\" height=\"123\" src=\"https:\/\/ofei.esepf.pt\/wp-content\/uploads\/2021\/01\/Ativo-25-1024x123.png\" alt=\"\" data-id=\"746\" data-full-url=\"https:\/\/ofei.esepf.pt\/wp-content\/uploads\/2021\/01\/Ativo-25.png\" data-link=\"https:\/\/ofei.esepf.pt\/?attachment_id=746\" class=\"wp-image-746\" srcset=\"https:\/\/ofei.esepf.pt\/wp-content\/uploads\/2021\/01\/Ativo-25-1024x123.png 1024w, https:\/\/ofei.esepf.pt\/wp-content\/uploads\/2021\/01\/Ativo-25-300x36.png 300w, https:\/\/ofei.esepf.pt\/wp-content\/uploads\/2021\/01\/Ativo-25-768x92.png 768w, https:\/\/ofei.esepf.pt\/wp-content\/uploads\/2021\/01\/Ativo-25.png 1271w\" sizes=\"(max-width: 1024px) 100vw, 1024px\" \/><\/figure><\/li><\/ul><\/figure>\n\n\n\n<p class=\"has-luminous-vivid-amber-color has-text-color\">GRATUITO<\/p>\n<\/div><\/div>\n<\/div><\/div>\n\n\n\n<p class=\"has-text-align-center has-background\" style=\"background-color:#dce1e5\"><strong>Contacto para imprensa: <a class=\"\" href=\"mailto:ofei@esepf.pt\">ofei@esepf.pt<\/a><\/strong><\/p>\n","protected":false},"excerpt":{"rendered":"<p>Contacto para imprensa: ofei@esepf.pt<\/p>\n","protected":false},"author":1,"featured_media":0,"parent":0,"menu_order":0,"comment_status":"closed","ping_status":"closed","template":"right-sidebar.php","meta":{"_uag_custom_page_level_css":"","ghostkit_customizer_options":"","ghostkit_custom_css":"","ghostkit_custom_js_head":"","ghostkit_custom_js_foot":"","ghostkit_typography":"","cybocfi_hide_featured_image":""},"uagb_featured_image_src":{"full":false,"thumbnail":false,"medium":false,"medium_large":false,"large":false,"thumblist":false,"meccarouselthumb":false,"gridsquare":false,"tileview":false,"1536x1536":false,"2048x2048":false},"uagb_author_info":{"display_name":"SGRI","author_link":"https:\/\/ofei.esepf.pt\/?author=1"},"uagb_comment_info":0,"uagb_excerpt":"Contacto para imprensa: ofei@esepf.pt","_links":{"self":[{"href":"https:\/\/ofei.esepf.pt\/index.php?rest_route=\/wp\/v2\/pages\/534"}],"collection":[{"href":"https:\/\/ofei.esepf.pt\/index.php?rest_route=\/wp\/v2\/pages"}],"about":[{"href":"https:\/\/ofei.esepf.pt\/index.php?rest_route=\/wp\/v2\/types\/page"}],"author":[{"embeddable":true,"href":"https:\/\/ofei.esepf.pt\/index.php?rest_route=\/wp\/v2\/users\/1"}],"replies":[{"embeddable":true,"href":"https:\/\/ofei.esepf.pt\/index.php?rest_route=%2Fwp%2Fv2%2Fcomments&post=534"}],"version-history":[{"count":41,"href":"https:\/\/ofei.esepf.pt\/index.php?rest_route=\/wp\/v2\/pages\/534\/revisions"}],"predecessor-version":[{"id":2676,"href":"https:\/\/ofei.esepf.pt\/index.php?rest_route=\/wp\/v2\/pages\/534\/revisions\/2676"}],"wp:attachment":[{"href":"https:\/\/ofei.esepf.pt\/index.php?rest_route=%2Fwp%2Fv2%2Fmedia&parent=534"}],"curies":[{"name":"wp","href":"https:\/\/api.w.org\/{rel}","templated":true}]}}