{"id":540,"date":"2020-12-17T18:12:45","date_gmt":"2020-12-17T18:12:45","guid":{"rendered":"https:\/\/ofei.esepf.pt\/?page_id=540"},"modified":"2021-05-19T08:21:53","modified_gmt":"2021-05-19T08:21:53","slug":"inscricoes-congressos","status":"publish","type":"page","link":"https:\/\/ofei.esepf.pt\/?page_id=540","title":{"rendered":"Inscri\u00e7\u00f5es Congressos"},"content":{"rendered":"\n<p class=\"has-white-color has-vivid-red-background-color has-text-color has-background\"><strong>INSCRI\u00c7\u00d5ES FECHADAS<\/strong> | EVENTO ONLINE<\/p>\n\n\n\n<div class=\"ghostkit-grid ghostkit-grid-gap-md ghostkit-grid-with-bg ghostkit-custom-2Tsxf\"><div class=\"nk-awb\"><div class=\"nk-awb-wrap\" data-awb-type=\"color\"><div class=\"nk-awb-overlay\" style=\"background-color:rgba(141, 209, 252, 0.28)\"><\/div><\/div><\/div><div class=\"ghostkit-grid-inner\">\n<div class=\"ghostkit-col ghostkit-col-md-12 ghostkit-col-6\"><div class=\"ghostkit-col-content\">\n<h4 class=\"has-text-align-center\">I Congresso Internacional OFEI<\/h4>\n\n\n\n<hr class=\"wp-block-separator has-text-color has-background has-vivid-cyan-blue-background-color has-vivid-cyan-blue-color\"\/>\n\n\n\n<p class=\"has-text-align-center has-vivid-cyan-blue-color has-text-color\">Pre\u00e7os:<\/p>\n\n\n\n<p class=\"has-text-align-center\"><strong>Inscri\u00e7\u00e3o de autores:<\/strong><br><s>At\u00e9 10 de maio &#8211; 80\u20ac<\/s><\/p>\n\n\n\n<p class=\"has-text-align-center\"><strong>Restantes inscri\u00e7\u00f5es:<\/strong><br><s>At\u00e9 15 abril &#8211; 80\u20ac\u00a0<\/s><br><s>At\u00e9 27 abril\u00a0&#8211; 100\u20ac<\/s><br><s>At\u00e9 18\u00a0de maio &#8211; 120\u20ac\u00a0<\/s><\/p>\n\n\n\n<p class=\"has-text-align-center\">Pagamento:&nbsp;<em>PayPal&nbsp;<\/em>ou Transfer\u00eancia Banc\u00e1ria<\/p>\n<\/div><\/div>\n\n\n\n<div class=\"ghostkit-col ghostkit-col-md-12 ghostkit-col-6\"><div class=\"ghostkit-col-content\">\n<h4 class=\"has-text-align-center\">Congresso Internacional \u00c1frica pela Inf\u00e2ncia&nbsp;<\/h4>\n\n\n\n<p class=\"has-text-align-center\"><a rel=\"noreferrer noopener\" href=\"https:\/\/www.fecongd.org\/project\/tchovar\/\" target=\"_blank\"><strong>Tchovar&nbsp;| <\/strong>Empurrar pela educa\u00e7\u00e3o de inf\u00e2ncia nos bairros de Maputo<\/a><\/p>\n\n\n\n<hr class=\"wp-block-separator has-text-color has-background has-luminous-vivid-amber-background-color has-luminous-vivid-amber-color\"\/>\n\n\n\n<p class=\"has-text-align-center has-luminous-vivid-amber-color has-text-color\">GRATUITO<\/p>\n<\/div><\/div>\n<\/div><\/div>\n\n\n\n<p><\/p>\n","protected":false},"excerpt":{"rendered":"<p>INSCRI\u00c7\u00d5ES FECHADAS | EVENTO ONLINE<\/p>\n","protected":false},"author":1,"featured_media":0,"parent":0,"menu_order":0,"comment_status":"closed","ping_status":"closed","template":"right-sidebar.php","meta":{"_uag_custom_page_level_css":"","ghostkit_customizer_options":"","ghostkit_custom_css":"","ghostkit_custom_js_head":"","ghostkit_custom_js_foot":"","ghostkit_typography":"","cybocfi_hide_featured_image":""},"uagb_featured_image_src":{"full":false,"thumbnail":false,"medium":false,"medium_large":false,"large":false,"thumblist":false,"meccarouselthumb":false,"gridsquare":false,"tileview":false,"1536x1536":false,"2048x2048":false},"uagb_author_info":{"display_name":"SGRI","author_link":"https:\/\/ofei.esepf.pt\/?author=1"},"uagb_comment_info":0,"uagb_excerpt":"INSCRI\u00c7\u00d5ES FECHADAS | EVENTO ONLINE","_links":{"self":[{"href":"https:\/\/ofei.esepf.pt\/index.php?rest_route=\/wp\/v2\/pages\/540"}],"collection":[{"href":"https:\/\/ofei.esepf.pt\/index.php?rest_route=\/wp\/v2\/pages"}],"about":[{"href":"https:\/\/ofei.esepf.pt\/index.php?rest_route=\/wp\/v2\/types\/page"}],"author":[{"embeddable":true,"href":"https:\/\/ofei.esepf.pt\/index.php?rest_route=\/wp\/v2\/users\/1"}],"replies":[{"embeddable":true,"href":"https:\/\/ofei.esepf.pt\/index.php?rest_route=%2Fwp%2Fv2%2Fcomments&post=540"}],"version-history":[{"count":24,"href":"https:\/\/ofei.esepf.pt\/index.php?rest_route=\/wp\/v2\/pages\/540\/revisions"}],"predecessor-version":[{"id":1995,"href":"https:\/\/ofei.esepf.pt\/index.php?rest_route=\/wp\/v2\/pages\/540\/revisions\/1995"}],"wp:attachment":[{"href":"https:\/\/ofei.esepf.pt\/index.php?rest_route=%2Fwp%2Fv2%2Fmedia&parent=540"}],"curies":[{"name":"wp","href":"https:\/\/api.w.org\/{rel}","templated":true}]}}