{"id":670,"date":"2021-01-08T14:47:43","date_gmt":"2021-01-08T14:47:43","guid":{"rendered":"https:\/\/ofei.esepf.pt\/?page_id=670"},"modified":"2021-04-16T08:47:21","modified_gmt":"2021-04-16T08:47:21","slug":"normas-de-submissao-ciapi","status":"publish","type":"page","link":"https:\/\/ofei.esepf.pt\/?page_id=670","title":{"rendered":"CONGRESSO INTERNACIONAL \u00c1FRICA PELA INF\u00c2NCIA"},"content":{"rendered":"\n<div class=\"wp-block-media-text alignwide is-stacked-on-mobile is-vertically-aligned-top\" style=\"grid-template-columns:22% auto\"><figure class=\"wp-block-media-text__media\"><img decoding=\"async\" loading=\"lazy\" width=\"1024\" height=\"618\" src=\"https:\/\/ofei.esepf.pt\/wp-content\/uploads\/2021\/01\/Ativo-23-1024x618.png\" alt=\"\" class=\"wp-image-671\" srcset=\"https:\/\/ofei.esepf.pt\/wp-content\/uploads\/2021\/01\/Ativo-23-1024x618.png 1024w, https:\/\/ofei.esepf.pt\/wp-content\/uploads\/2021\/01\/Ativo-23-300x181.png 300w, https:\/\/ofei.esepf.pt\/wp-content\/uploads\/2021\/01\/Ativo-23-768x464.png 768w, https:\/\/ofei.esepf.pt\/wp-content\/uploads\/2021\/01\/Ativo-23-1536x927.png 1536w, https:\/\/ofei.esepf.pt\/wp-content\/uploads\/2021\/01\/Ativo-23-2048x1237.png 2048w\" sizes=\"(max-width: 1024px) 100vw, 1024px\" \/><\/figure><div class=\"wp-block-media-text__content\">\n<h4>Instru\u00e7\u00f5es para Autores<\/h4>\n\n\n\n<p>O Congresso Internacional \u00c1frica pela Inf\u00e2ncia \u00e9 uma organiza\u00e7\u00e3o conjunta da&nbsp;<a rel=\"noreferrer noopener\" href=\"https:\/\/www.esepf.pt\/\" target=\"_blank\">Escola Superior de Educa\u00e7\u00e3o de Paula Frassinetti<\/a>, atrav\u00e9s do Observat\u00f3rio para o Futuro da Educa\u00e7\u00e3o de Inf\u00e2ncia, da&nbsp;<a href=\"https:\/\/www.fecongd.org\/\">Funda\u00e7\u00e3o F\u00e9 e Coopera\u00e7\u00e3o<\/a>&nbsp;e da&nbsp;<a rel=\"noreferrer noopener\" href=\"https:\/\/facep.up.ac.mz\/\" target=\"_blank\">Faculdade de Ci\u00eancias da Educa\u00e7\u00e3o e Psicologia da Universidade Pedag\u00f3gica<\/a>.<\/p>\n<\/div><\/div>\n\n\n\n<p><\/p>\n\n\n\n<p><\/p>\n\n\n\n<p>O congresso \u00e9 gratuito, de&nbsp;inscri\u00e7\u00e3o obrigat\u00f3ria (<a href=\"https:\/\/ofei.esepf.pt\/?page_id=540\" target=\"_blank\" rel=\"noreferrer noopener\">preencha a ficha de inscri\u00e7\u00e3o &#8220;Inscri\u00e7\u00f5es Congressos&#8221;<\/a>), totalmente online e realiza-se nos dias 25 e 27 de maio de 2021. Tem como objetivos:<\/p>\n\n\n\n<ul><li>Promover a partilha de investiga\u00e7\u00f5es e projetos de interven\u00e7\u00e3o no \u00e2mbito da Educa\u00e7\u00e3o de Inf\u00e2ncia;&nbsp;<\/li><li>Apresentar realidades de Educa\u00e7\u00e3o de Inf\u00e2ncia diferenciadas;&nbsp;<\/li><li>Contribuir para a constru\u00e7\u00e3o de redes de interven\u00e7\u00e3o educativa entre diferentes pa\u00edses.<\/li><\/ul>\n\n\n\n<hr class=\"wp-block-separator\"\/>\n\n\n\n<h5 class=\"has-vivid-cyan-blue-color has-text-color\">Datas Importantes<\/h5>\n\n\n\n<ul><li><s><mark class=\"ghostkit-highlight\"><strong>09 de abril<\/strong> \u2013 data limite de submiss\u00e3o de full paper\/short paper\/poster<\/mark><\/s> &gt;&gt;<strong> FECHADO<\/strong><\/li><li><strong>10 de maio<\/strong> \u2013 data limite de inscri\u00e7\u00e3o dos autores<\/li><li><strong>17 de maio:<\/strong>&nbsp;data limite de&nbsp;envio do endere\u00e7o\/link de acesso ao v\u00eddeo com a apresenta\u00e7\u00e3o do paper<\/li><li><strong>18 de maio<\/strong> \u2013 data limite de inscri\u00e7\u00e3o para restantes participantes<\/li><\/ul>\n\n\n\n<h5 class=\"has-vivid-cyan-blue-color has-text-color\"><strong>Temas do congresso<\/strong><\/h5>\n\n\n\n<ul><li>Interven\u00e7\u00e3o em Educa\u00e7\u00e3o de Inf\u00e2ncia<\/li><li>Direitos da crian\u00e7a<\/li><li>Inclus\u00e3o e equidade<\/li><li>Forma\u00e7\u00e3o de Educadores de Inf\u00e2ncia<\/li><li>Recursos pedag\u00f3gicos para a Inf\u00e2ncia<\/li><li>A Realidade de Educa\u00e7\u00e3o de Inf\u00e2ncia em Pa\u00edses de L\u00edngua Oficial Portuguesa&nbsp;<\/li><\/ul>\n\n\n\n<div class=\"ghostkit-grid ghostkit-grid-gap-md ghostkit-grid-justify-content-end\"><div class=\"ghostkit-grid-inner\">\n<div class=\"ghostkit-col ghostkit-col-md-12 ghostkit-col-with-bg ghostkit-custom-2qI1lD\"><div class=\"nk-awb\"><div class=\"nk-awb-wrap\" data-awb-type=\"color\"><div class=\"nk-awb-overlay\" style=\"background-color:rgba(141, 209, 252, 0.26)\"><\/div><\/div><\/div><div class=\"ghostkit-col-content\">\n<p class=\"has-text-align-center has-vivid-cyan-blue-color has-text-color\"><strong>NORMAS DE PUBLICA\u00c7\u00c3O<\/strong><\/p>\n\n\n\n<p class=\"ghostkit-custom-VMC8o\">Como parte do processo de submiss\u00e3o, os autores s\u00e3o obrigados a verificar a conformidade da submiss\u00e3o em rela\u00e7\u00e3o a todos os itens listados a seguir. As submiss\u00f5es que n\u00e3o estiverem de acordo com as normas ser\u00e3o devolvidas aos autores.<\/p>\n\n\n\n<ol type=\"1\"><li>Todos os autores que submetam os seus documentos para publica\u00e7\u00e3o assumem o compromisso de a contribui\u00e7\u00e3o ser original e in\u00e9dita e n\u00e3o se encontrar sob revis\u00e3o noutra publica\u00e7\u00e3o. Simultaneamente, conferem \u00e0 ESEPF&nbsp;os direitos de indexa\u00e7\u00e3o, em redes nacionais e internacionais, dos artigos publicados. Os conte\u00fados dos textos e as opini\u00f5es neles expressas s\u00e3o da exclusiva responsabilidade dos seus autores.<\/li><li>Os documentos&nbsp;submetidos devem conter os nomes dos autores.<\/li><li>Os full papers e os short paper dever\u00e3o ser paginados em corpo 11, Arial, com espa\u00e7amento 1,5 e margens n\u00e3o inferiores a 3cm. As notas devem ser paginadas a 1 espa\u00e7o e corpo 9.<\/li><li>Os full papers e respetivas notas dever\u00e3o ter uma extens\u00e3o compreendida entre 8 e 15 p\u00e1ginas e&nbsp;incluir o t\u00edtulo, autores, afilia\u00e7\u00e3o,&nbsp;resumo&nbsp;(10 linhas) no idioma do artigo e&nbsp;ingl\u00eas&nbsp;e&nbsp;5 palavras-chave, no idioma do artigo e&nbsp;ingl\u00eas. Entre 3 a 5 palavras-chave (palabras clave ou keywords), no idioma do artigo e&nbsp;ingl\u00eas, em min\u00fasculas, separadas por v\u00edrgulas. Terminar com um ponto.<\/li><li>Os short papers devem ter uma extens\u00e3o entre 5000 a 7000 carateres com espa\u00e7os (incluindo&nbsp;t\u00edtulo, autores, afilia\u00e7\u00e3o e bibliografia).<\/li><li>Os posters devem ter o tamanho A2.<\/li><li>Os full papers, short papers ou posters dever\u00e3o ser escritos num dos seguintes idiomas: portugu\u00eas, ingl\u00eas ou espanhol.<\/li><li>Os it\u00e1licos poder\u00e3o ser usados apenas em t\u00edtulos de obras, em palavras latinas ou em l\u00edngua estrangeira e ainda em neologismos.<\/li><li>As notas dever\u00e3o ser inseridas e numeradas automaticamente.<\/li><li>Os n\u00fameros das notas dever\u00e3o ser inclu\u00eddos sempre antes do sinal de pontua\u00e7\u00e3o final.<\/li><li>Al\u00e9m dos it\u00e1licos n\u00e3o ser\u00e3o admitidas outras apresenta\u00e7\u00f5es nomeadamente negritos, sublinhados, palavras totalmente em mai\u00fasculas, espa\u00e7amentos anormais, etc.<\/li><li>As normas de refer\u00eancia bibliogr\u00e1fica seguidas s\u00e3o as&nbsp;do&nbsp;<a rel=\"noreferrer noopener\" href=\"https:\/\/www.esepf.pt\/wp-content\/uploads\/SDI\/manual_estilo_SE.pdf\" target=\"_blank\">Manual de Estilo da ESEPF<\/a>, inspiradas na APA (American Psychological&nbsp;Association).<\/li><li>Os full papers e os short papers devem ser enviados em formato PDF ou Word.<\/li><li>Os posters devem ser enviados em Pdf.&nbsp;<strong><a rel=\"noreferrer noopener\" href=\"https:\/\/ofei.esepf.pt\/wp-content\/uploads\/2021\/01\/poster_ciapi.pptx\" target=\"_blank\">Descarregue aqui o template em Powerpoint que poder\u00e1 utilizar<\/a><\/strong>.<\/li><\/ol>\n\n\n\n<p>A ESEPF reserva o direito de efetuar, nos originais, altera\u00e7\u00f5es de ordem normativa, ortogr\u00e1fica e gramatical, com vista a manter o padr\u00e3o culto da l\u00edngua, respeitando, por\u00e9m, o estilo dos autores.<\/p>\n\n\n\n<p>As provas finais n\u00e3o ser\u00e3o enviadas aos autores. Os trabalhos publicados passam a ser propriedade da ESEPF, ficando a sua reimpress\u00e3o total ou parcial, sujeita \u00e0 autoriza\u00e7\u00e3o expressa.<\/p>\n\n\n\n<div class=\"ghostkit-button-wrapper ghostkit-button-wrapper-gap-md ghostkit-custom-Z1ayIRG\"><div class=\"ghostkit-button-wrapper-inner\">\n<a class=\"ghostkit-button ghostkit-button-md ghostkit-custom-ZvjWAx\" href=\" \"><span class=\"ghostkit-button-text\">SUBMETA AQUI O SEU DOCUMENTO (full paper, short paper ou poster)<\/span><\/a>\n<\/div><\/div>\n\n\n\n<hr class=\"wp-block-separator\"\/>\n\n\n\n<p class=\"has-text-align-center has-vivid-cyan-blue-color has-text-color\"><strong>APRESENTA\u00c7\u00c3O<\/strong><\/p>\n\n\n\n<div class=\"ghostkit-grid ghostkit-grid-gap-md\"><div class=\"ghostkit-grid-inner\">\n<div class=\"ghostkit-col ghostkit-col-12 ghostkit-col-with-bg ghostkit-custom-Z1RIptG\"><div class=\"nk-awb\"><div class=\"nk-awb-wrap\" data-awb-type=\"color\"><div class=\"nk-awb-overlay\" style=\"background-color:rgba(141, 209, 252, 0.33)\"><\/div><\/div><\/div><div class=\"ghostkit-col-content\">\n<p><strong>Full paper e short paper<\/strong>: 12\/13 minutos em v\u00eddeo<\/p>\n\n\n\n<p><strong>Poster:<\/strong>&nbsp;5\/ 6 min com partilha de ecr\u00e3<\/p>\n\n\n\n<p>Publique o v\u00eddeo de apresenta\u00e7\u00e3o do full paper ou short paper na Internet (Youtube, vimeo, etc)<\/p>\n\n\n\n<p>Saiba como gravar uma apresenta\u00e7\u00e3o com o&nbsp;<a rel=\"noreferrer noopener\" href=\"https:\/\/support.zoom.us\/hc\/pt-br\/articles\/201362473-Grava\u00e7\u00e3o-local\" target=\"_blank\">ZOOM<\/a> | Saiba como publicar um v\u00eddeo no <a rel=\"noreferrer noopener\" href=\"https:\/\/support.google.com\/youtube\/answer\/57407?co=GENIE.Platform%3DDesktop&amp;hl=pt-BR\" target=\"_blank\">YOUTUBE<\/a><\/p>\n\n\n\n<p class=\"has-white-color has-text-color\"><strong>Preencha o formul\u00e1rio <\/strong><\/p>\n\n\n\n<p>Envie o URL do v\u00eddeo at\u00e9 ao dia <strong>17 de maio<\/strong>, indicando o nome da publica\u00e7\u00e3o e autores.<\/p>\n\n\n\n        <div class=\"ghostkit-form\" id=\"gkt_form_fe8826db\">\n            <form method=\"POST\" name=\"ghostkit-form\" action=\"\/index.php?rest_route=%2Fwp%2Fv2%2Fpages%2F670#gkt_form_fe8826db\">\n                \n\n        <div class=\"ghostkit-form-field ghostkit-form-field-name\">\n                                        <label class=\"ghostkit-form-field-label\"  for=\"gkt_form_fe8826db_field_name\">\n                    Autor\/Autores<br><span class=\"required\">*<\/span>                <\/label>\n                        <input type=\"hidden\" name=\"field_name[label]\" value=\"Autor\/Autores&lt;br&gt;\" \/>\n            \n            \n                <input type=\"text\"  required=\"required\" name=\"field_name[value]\" id=\"gkt_form_fe8826db_field_name\" \/>\n\n                \n            \n                    <\/div>\n\n        \n\n\n        <div class=\"ghostkit-form-field ghostkit-form-field-email\">\n                                        <label class=\"ghostkit-form-field-label\"  for=\"gkt_form_fe8826db_field_email\">\n                    Email<br><span class=\"required\">*<\/span>                <\/label>\n                        <input type=\"hidden\" name=\"field_email[label]\" value=\"Email&lt;br&gt;\" \/>\n            \n            \n                <input type=\"email\"  required=\"required\" name=\"field_email[value]\" id=\"gkt_form_fe8826db_field_email\" \/>\n\n                \n                    <\/div>\n\n        \n\n\n        <div class=\"ghostkit-form-field ghostkit-form-field-textarea\">\n                                        <label class=\"ghostkit-form-field-label\"  for=\"gkt_form_fe8826db_field_message\">\n                    T\u00edtulo\/Nome da publica\u00e7\u00e3o<br><span class=\"required\">*<\/span>                <\/label>\n                        <input type=\"hidden\" name=\"field_message[label]\" value=\"T\u00edtulo\/Nome da publica\u00e7\u00e3o&lt;br&gt;\" \/>\n            \n            <textarea  required=\"required\" name=\"field_message[value]\" id=\"gkt_form_fe8826db_field_message\"><\/textarea>\n\n                    <\/div>\n\n        \n\n\n        <div class=\"ghostkit-form-field ghostkit-form-field-text\">\n                                        <label class=\"ghostkit-form-field-label\"  for=\"gkt_form_fe8826db_field_subject\">\n                    Link do V\u00eddeo<br><span class=\"required\">*<\/span>                <\/label>\n                        <input type=\"hidden\" name=\"field_subject[label]\" value=\"Link do V\u00eddeo&lt;br&gt;\" \/>\n            \n            <input type=\"text\"  required=\"required\" name=\"field_subject[value]\" id=\"gkt_form_fe8826db_field_subject\" \/>\n\n                        <small class=\"ghostkit-form-field-description\">\n                (Youtube, Vimeo, etc&#8230;)            <\/small>\n            <input type=\"hidden\" name=\"field_subject[description]\" value=\"(Youtube, Vimeo, etc...)\" \/>\n                    <\/div>\n\n        \n\n\n        <div class=\"ghostkit-form-field ghostkit-form-field-checkbox\">\n                                        <label class=\"ghostkit-form-field-label\"  for=\"gkt_form_fe8826db_field_checkbox\">\n                    Leia a\u00a0<strong><a href=\"https:\/\/ofei.esepf.pt\/wp-content\/uploads\/2021\/02\/politica_Conferencia_OFEI_.pdf\" target=\"_blank\" rel=\"noreferrer noopener\">Pol\u00edtica de Prote\u00e7\u00e3o de dados dos Eventos<\/a>.<\/strong><span class=\"required\">*<\/span>                <\/label>\n                        <input type=\"hidden\" name=\"field_checkbox[label]\" value=\"Leia a\u00a0&lt;strong&gt;&lt;a href=&quot;https:\/\/ofei.esepf.pt\/wp-content\/uploads\/2021\/02\/politica_Conferencia_OFEI_.pdf&quot; target=&quot;_blank&quot; rel=&quot;noreferrer noopener&quot;&gt;Pol\u00edtica de Prote\u00e7\u00e3o de dados dos Eventos&lt;\/a&gt;.&lt;\/strong&gt;\" \/>\n            \n            <div class=\"ghostkit-form-field-checkbox-items\">\n                                    <label class=\"ghostkit-form-field-checkbox-item\" for=\"gkt_form_fe8826db_field_checkbox-item-0\">\n                        <input type=\"checkbox\"  value=\"Declaro que tomei conhecimento e aceito a Pol\u00edtica de Prote\u00e7\u00e3o de dados dos Eventos.\"  required=\"required\" id=\"gkt_form_fe8826db_field_checkbox-item-0\" name=\"field_checkbox[value][]\" \/>\n                        Declaro que tomei conhecimento e aceito a Pol\u00edtica de Prote\u00e7\u00e3o de dados dos Eventos.                    <\/label>\n                            <\/div>\n\n                    <\/div>\n\n        \n\n\n<div class=\"ghostkit-form-submit-button\">\n<button class=\"ghostkit-button ghostkit-button-md ghostkit-button-with-outline ghostkit-custom-Z2lgEjp\"><span class=\"ghostkit-button-text\">Submeter<\/span><\/button>\n<\/div>\n\n\n\n<p><\/p>\n\n\n\n<p class=\"has-vivid-cyan-blue-color has-text-color\">\u00c9 obrigat\u00f3ria a presen\u00e7a de um dos autores na sess\u00e3o de videoconfer\u00eancia para contacto com o p\u00fablico.<\/p>\n\n<input type=\"hidden\" id=\"__gkt_form_fe8826db\" name=\"__gkt_form_fe8826db\" value=\"86de7f0759\" \/><input type=\"hidden\" name=\"_wp_http_referer\" value=\"\/index.php?rest_route=%2Fwp%2Fv2%2Fpages%2F670\" \/>                <input type=\"hidden\" name=\"ghostkit_form_id\" value=\"gkt_form_fe8826db\">\n                            <\/form>\n        <\/div>\n\n        <\/div><\/div>\n<\/div><\/div>\n\n\n\n<p class=\"has-text-align-center ghostkit-custom-2nlVOL has-vivid-red-color has-text-color\"><strong>Precisa de ajuda? Contacte-nos a partir do email: congresso.ciapi@esepf.pt <\/strong><\/p>\n<\/div><\/div>\n<\/div><\/div>\n\n\n\n<div class=\"ghostkit-carousel\" data-effect=\"slide\" data-speed=\"0.2\" data-autoplay=\"4\" data-slides-per-view=\"3\" data-centered-slides=\"true\" data-loop=\"true\" data-free-scroll=\"false\" data-show-arrows=\"true\" data-show-bullets=\"true\" data-dynamic-bullets=\"true\" data-gap=\"15\"><div class=\"ghostkit-carousel-items\">\n<div class=\"ghostkit-carousel-slide\">\n<p><\/p>\n\n\n\n<div class=\"wp-block-image\"><figure class=\"aligncenter size-large is-resized\"><a href=\"https:\/\/www.fecongd.org\" target=\"_blank\" rel=\"noopener noreferrer\"><img decoding=\"async\" loading=\"lazy\" src=\"https:\/\/ofei.esepf.pt\/wp-content\/uploads\/2020\/12\/Ativo-12.png\" alt=\"\" class=\"wp-image-527\" width=\"113\" height=\"80\" srcset=\"https:\/\/ofei.esepf.pt\/wp-content\/uploads\/2020\/12\/Ativo-12.png 662w, https:\/\/ofei.esepf.pt\/wp-content\/uploads\/2020\/12\/Ativo-12-300x212.png 300w\" sizes=\"(max-width: 113px) 100vw, 113px\" \/><\/a><\/figure><\/div>\n<\/div>\n\n\n\n<div class=\"ghostkit-carousel-slide\">\n<p><\/p>\n\n\n\n<div class=\"wp-block-image\"><figure class=\"aligncenter size-large is-resized\"><a href=\"https:\/\/www.facebook.com\/Khandlelo-Associa%C3%A7%C3%A3o-para-o-Desenvolvimento-Juvenil-583422295150537\/\" target=\"_blank\" rel=\"noopener noreferrer\"><img decoding=\"async\" loading=\"lazy\" src=\"https:\/\/ofei.esepf.pt\/wp-content\/uploads\/2020\/12\/Ativo-17.png\" alt=\"\" class=\"wp-image-531\" width=\"81\" height=\"46\" srcset=\"https:\/\/ofei.esepf.pt\/wp-content\/uploads\/2020\/12\/Ativo-17.png 475w, https:\/\/ofei.esepf.pt\/wp-content\/uploads\/2020\/12\/Ativo-17-300x170.png 300w\" sizes=\"(max-width: 81px) 100vw, 81px\" \/><\/a><\/figure><\/div>\n<\/div>\n\n\n\n<div class=\"ghostkit-carousel-slide\">\n<div class=\"wp-block-image\"><figure class=\"aligncenter size-large is-resized\"><a href=\"https:\/\/www.esepf.pt\/\"><img decoding=\"async\" loading=\"lazy\" src=\"https:\/\/ofei.esepf.pt\/wp-content\/uploads\/2020\/12\/Ativo-16-1024x133.png\" alt=\"\" class=\"wp-image-523\" width=\"224\" height=\"28\" srcset=\"https:\/\/ofei.esepf.pt\/wp-content\/uploads\/2020\/12\/Ativo-16-1024x133.png 1024w, https:\/\/ofei.esepf.pt\/wp-content\/uploads\/2020\/12\/Ativo-16-300x39.png 300w, https:\/\/ofei.esepf.pt\/wp-content\/uploads\/2020\/12\/Ativo-16-768x100.png 768w, https:\/\/ofei.esepf.pt\/wp-content\/uploads\/2020\/12\/Ativo-16.png 1349w\" sizes=\"(max-width: 224px) 100vw, 224px\" \/><\/a><\/figure><\/div>\n\n\n\n<p><\/p>\n<\/div>\n\n\n\n<div class=\"ghostkit-carousel-slide\">\n<div class=\"wp-block-image\"><figure class=\"aligncenter size-large is-resized\"><a href=\"https:\/\/facep.up.ac.mz\/\"><img decoding=\"async\" loading=\"lazy\" src=\"https:\/\/ofei.esepf.pt\/wp-content\/uploads\/2020\/12\/Ativo-13.png\" alt=\"\" class=\"wp-image-526\" width=\"125\" height=\"70\" srcset=\"https:\/\/ofei.esepf.pt\/wp-content\/uploads\/2020\/12\/Ativo-13.png 678w, https:\/\/ofei.esepf.pt\/wp-content\/uploads\/2020\/12\/Ativo-13-300x169.png 300w\" sizes=\"(max-width: 125px) 100vw, 125px\" \/><\/a><\/figure><\/div>\n<\/div>\n\n\n\n<div class=\"ghostkit-carousel-slide\">\n<p><\/p>\n\n\n\n<div class=\"wp-block-image\"><figure class=\"aligncenter size-large is-resized\"><a href=\"https:\/\/gulbenkian.pt\/\" target=\"_blank\" rel=\"noopener noreferrer\"><img decoding=\"async\" loading=\"lazy\" src=\"https:\/\/ofei.esepf.pt\/wp-content\/uploads\/2020\/12\/Ativo-14.png\" alt=\"\" class=\"wp-image-525\" width=\"121\" height=\"51\" srcset=\"https:\/\/ofei.esepf.pt\/wp-content\/uploads\/2020\/12\/Ativo-14.png 820w, https:\/\/ofei.esepf.pt\/wp-content\/uploads\/2020\/12\/Ativo-14-300x128.png 300w, https:\/\/ofei.esepf.pt\/wp-content\/uploads\/2020\/12\/Ativo-14-768x329.png 768w\" sizes=\"(max-width: 121px) 100vw, 121px\" \/><\/a><\/figure><\/div>\n<\/div>\n\n\n\n<div class=\"ghostkit-carousel-slide\">\n<p><\/p>\n\n\n\n<div class=\"wp-block-image\"><figure class=\"aligncenter size-large is-resized\"><a href=\"https:\/\/www.instituto-camoes.pt\/\" target=\"_blank\" rel=\"noopener noreferrer\"><img decoding=\"async\" loading=\"lazy\" src=\"https:\/\/ofei.esepf.pt\/wp-content\/uploads\/2020\/12\/Ativo-15.png\" alt=\"\" class=\"wp-image-524\" width=\"103\" height=\"74\" srcset=\"https:\/\/ofei.esepf.pt\/wp-content\/uploads\/2020\/12\/Ativo-15.png 665w, https:\/\/ofei.esepf.pt\/wp-content\/uploads\/2020\/12\/Ativo-15-300x215.png 300w\" sizes=\"(max-width: 103px) 100vw, 103px\" \/><\/a><\/figure><\/div>\n<\/div>\n<\/div><div class=\"ghostkit-carousel-arrow-prev-icon\"><svg class=\"ghostkit-svg-icon\" width=\"24\" height=\"24\" viewBox=\"0 0 24 24\" fill=\"none\" xmlns=\"http:\/\/www.w3.org\/2000\/svg\"><path fill-rule=\"evenodd\" clip-rule=\"evenodd\" d=\"M14.7803 17.7803C14.4874 18.0732 14.0126 18.0732 13.7197 17.7803L8.4697 12.5303C8.1768 12.2374 8.1768 11.7626 8.4697 11.4697L13.7197 6.21967C14.0126 5.92678 14.4874 5.92678 14.7803 6.21967C15.0732 6.51256 15.0732 6.98744 14.7803 7.28033L10.0607 12L14.7803 16.7197C15.0732 17.0126 15.0732 17.4874 14.7803 17.7803Z\" fill=\"currentColor\"\/><\/svg><\/div><div class=\"ghostkit-carousel-arrow-next-icon\"><svg class=\"ghostkit-svg-icon\" width=\"24\" height=\"24\" viewBox=\"0 0 24 24\" fill=\"none\" xmlns=\"http:\/\/www.w3.org\/2000\/svg\"><path fill-rule=\"evenodd\" clip-rule=\"evenodd\" d=\"M9.21967 6.2197C9.51256 5.9268 9.98744 5.9268 10.2803 6.2197L15.5303 11.4697C15.8232 11.7626 15.8232 12.2374 15.5303 12.5303L10.2803 17.7803C9.98744 18.0732 9.51256 18.0732 9.21967 17.7803C8.92678 17.4874 8.92678 17.0126 9.21967 16.7197L13.9393 12L9.21967 7.2803C8.92678 6.9874 8.92678 6.5126 9.21967 6.2197Z\" fill=\"currentColor\"\/><\/svg><\/div><\/div>\n\n\n\n<p><\/p>\n","protected":false},"excerpt":{"rendered":"<p>Instru\u00e7\u00f5es para Autores O Congresso Internacional \u00c1frica pela Inf\u00e2ncia \u00e9 uma organiza\u00e7\u00e3o conjunta da&nbsp;Escola Superior de Educa\u00e7\u00e3o de Paula Frassinetti, atrav\u00e9s do Observat\u00f3rio para o Futuro da Educa\u00e7\u00e3o de Inf\u00e2ncia, da&nbsp;Funda\u00e7\u00e3o F\u00e9 e Coopera\u00e7\u00e3o&nbsp;e da&nbsp;Faculdade de Ci\u00eancias da Educa\u00e7\u00e3o e Psicologia da Universidade Pedag\u00f3gica. O congresso \u00e9 gratuito, de&nbsp;inscri\u00e7\u00e3o obrigat\u00f3ria (preencha a ficha de inscri\u00e7\u00e3o [&hellip;]<\/p>\n","protected":false},"author":1,"featured_media":0,"parent":0,"menu_order":0,"comment_status":"closed","ping_status":"closed","template":"right-sidebar.php","meta":{"_uag_custom_page_level_css":"","ghostkit_customizer_options":"","ghostkit_custom_css":"","ghostkit_custom_js_head":"","ghostkit_custom_js_foot":"","ghostkit_typography":"","cybocfi_hide_featured_image":""},"uagb_featured_image_src":{"full":false,"thumbnail":false,"medium":false,"medium_large":false,"large":false,"thumblist":false,"meccarouselthumb":false,"gridsquare":false,"tileview":false,"1536x1536":false,"2048x2048":false},"uagb_author_info":{"display_name":"SGRI","author_link":"https:\/\/ofei.esepf.pt\/?author=1"},"uagb_comment_info":0,"uagb_excerpt":"Instru\u00e7\u00f5es para Autores O Congresso Internacional \u00c1frica pela Inf\u00e2ncia \u00e9 uma organiza\u00e7\u00e3o conjunta da&nbsp;Escola Superior de Educa\u00e7\u00e3o de Paula Frassinetti, atrav\u00e9s do Observat\u00f3rio para o Futuro da Educa\u00e7\u00e3o de Inf\u00e2ncia, da&nbsp;Funda\u00e7\u00e3o F\u00e9 e Coopera\u00e7\u00e3o&nbsp;e da&nbsp;Faculdade de Ci\u00eancias da Educa\u00e7\u00e3o e Psicologia da Universidade Pedag\u00f3gica. O congresso \u00e9 gratuito, de&nbsp;inscri\u00e7\u00e3o obrigat\u00f3ria (preencha a ficha de inscri\u00e7\u00e3o&hellip;","_links":{"self":[{"href":"https:\/\/ofei.esepf.pt\/index.php?rest_route=\/wp\/v2\/pages\/670"}],"collection":[{"href":"https:\/\/ofei.esepf.pt\/index.php?rest_route=\/wp\/v2\/pages"}],"about":[{"href":"https:\/\/ofei.esepf.pt\/index.php?rest_route=\/wp\/v2\/types\/page"}],"author":[{"embeddable":true,"href":"https:\/\/ofei.esepf.pt\/index.php?rest_route=\/wp\/v2\/users\/1"}],"replies":[{"embeddable":true,"href":"https:\/\/ofei.esepf.pt\/index.php?rest_route=%2Fwp%2Fv2%2Fcomments&post=670"}],"version-history":[{"count":49,"href":"https:\/\/ofei.esepf.pt\/index.php?rest_route=\/wp\/v2\/pages\/670\/revisions"}],"predecessor-version":[{"id":1537,"href":"https:\/\/ofei.esepf.pt\/index.php?rest_route=\/wp\/v2\/pages\/670\/revisions\/1537"}],"wp:attachment":[{"href":"https:\/\/ofei.esepf.pt\/index.php?rest_route=%2Fwp%2Fv2%2Fmedia&parent=670"}],"curies":[{"name":"wp","href":"https:\/\/api.w.org\/{rel}","templated":true}]}}